{"id":576,"date":"2026-03-20T12:25:05","date_gmt":"2026-03-20T12:25:05","guid":{"rendered":"https:\/\/jl-wp-test.henry.server4business.de\/?page_id=576"},"modified":"2026-04-02T14:23:46","modified_gmt":"2026-04-02T14:23:46","slug":"unsere-marken","status":"publish","type":"page","link":"https:\/\/jl-wp-test.henry.server4business.de\/?page_id=576","title":{"rendered":"Unsere Marken"},"content":{"rendered":"\t\t<div class=\"wp-block-web-stories-embed web-stories-embed alignfull\">\n\t\t\t<div class=\"wp-block-embed__wrapper\" style=\"--aspect-ratio: 0.600000; --width: 360px; --height: 600px\">\n\t\t\t\t<amp-story-player>\n\t\t\t\t\t<a href=\"https:\/\/jl-wp-test.henry.server4business.de\/?web-story=story-fahrzeuge\">\n\t\t\t\t\t\t\t\t\t\t\t\t\t<img\n\t\t\t\t\t\t\t\tsrc=\"https:\/\/jl-wp-test.henry.server4business.de\/wp-content\/uploads\/2026\/03\/cropped-Slide-1-2.jpg\"\n\t\t\t\t\t\t\t\twidth=\"360\"\n\t\t\t\t\t\t\t\theight=\"600\"\n\t\t\t\t\t\t\t\talt=\"Story Fahrzeuge\"\n\t\t\t\t\t\t\t\t\t\t\t\t\t\t\t\t\t\t\t\t\t\t\t\tloading=\"lazy\"\n\t\t\t\t\t\t\t\tdecoding=\"async\"\n\t\t\t\t\t\t\t\tdata-amp-story-player-poster-img\n\t\t\t\t\t\t\t\/>\n\t\t\t\t\t\t\t\t\t\t\t\t<\/a>\n\t\t\t\t<\/amp-story-player>\n\t\t\t<\/div>\n\t\t<\/div>\n\t\t\n\n\n<div style=\"height:5px\" aria-hidden=\"true\" class=\"wp-block-spacer\"><\/div>\n\n\n\n<h2 class=\"wp-block-heading\">AUTO RITTER IST IHR <strong>MEHRMARKEN-AUTOHAUS<\/strong><\/h2>\n\n\n\n<p>So individuell wie die Erwartungen und W\u00fcnsche unserer Kunden, so individuell sind auch unsere Marken.<\/p>\n\n\n\n<p>Wir als <strong>freies&nbsp;Autohaus<\/strong>&nbsp;haben die M\u00f6glichkeit, speziell auf die W\u00fcnsche unserer Kunden optimal einzugehen. Auto Ritter bietet Ihnen nicht nur eine breite Palette verschiedenster Marken, Modelle und Typen sondern auch eine qualifizierte Beratung im Hinblick auf alle von uns angebotenen Fahrzeuge.<\/p>\n\n\n\n<p><strong>Unsere Marken im \u00dcberblick:<\/strong><\/p>\n\n\n\t\n\t\t<div id=\"gs_logo_area_2\" data-sort=\"name\" data-shortcode-id=\"2\" class=\"gs_logo_area gs_logo_area_2 slider1 \" data-options='{\"logo_per_page\":\"6\"}' style=\"opacity: 0; visibility: hidden;\">\n\t\t\t<div class=\"gs_logo_area--inner\">\n\n\t\t\t\t<!-- Category Filters - New (Global) -->\n\t\t\t\t\t\n\t\t\t\t\n<div class=\"gs_logo_container gs_carousel_swiper gs_logo_fix_height_and_center\" data-carousel-config='{\"direction\":\"horizontal\",\"speed\":1000,\"isAutoplay\":true,\"autoplayDelay\":1000,\"loop\":true,\"pauseOnHover\":true,\"ticker\":false,\"navs\":false,\"navs_pos\":\"bottom\",\"dots\":false,\"dynamic_dots\":true,\"slideSpace\":10,\"slidesPerGroup\":1,\"desktopLogos\":5,\"tabletLogos\":3,\"mobileLogos\":3,\"reverseDirection\":false}'>\n\n\t\n\t\t\n\t\t\t<div class=\"gs_logo_single--wrapper\">\n\t\t\t\t<div class=\"gs_logo_single\">\n\n\t\t\t\t\t<!-- Logo Img -->\n\t\t\t\t\t<img fetchpriority=\"high\" decoding=\"async\" width=\"300\" height=\"207\" src=\"https:\/\/jl-wp-test.henry.server4business.de\/wp-content\/uploads\/2026\/03\/Herstellerlogos_Skoda-300x207.png\" class=\"tt-placement-top tt-bgcolor-one-%23ff5f6d tt-bgcolor-two-%23ffc371 tt-textcolor-%23fff gs-logo--img wp-post-image\" alt=\"\" title=\"Skoda\" srcset=\"https:\/\/jl-wp-test.henry.server4business.de\/wp-content\/uploads\/2026\/03\/Herstellerlogos_Skoda-300x207.png 300w, https:\/\/jl-wp-test.henry.server4business.de\/wp-content\/uploads\/2026\/03\/Herstellerlogos_Skoda-150x103.png 150w, https:\/\/jl-wp-test.henry.server4business.de\/wp-content\/uploads\/2026\/03\/Herstellerlogos_Skoda.png 303w\" sizes=\"(max-width: 300px) 100vw, 300px\" \/>\n\t\t\t\t\t<!-- Logo Title -->\n\t\t\t\t\t\t\t\t\t\t\n\t\t\t\t\t<!-- Logo Category -->\n\t\t\t\t\t\t\t\t\t\t\n\t\t\t\t<\/div>\n\t\t\t<\/div>\n\n\t\t\n\t\t\t<div class=\"gs_logo_single--wrapper\">\n\t\t\t\t<div class=\"gs_logo_single\">\n\n\t\t\t\t\t<!-- Logo Img -->\n\t\t\t\t\t<img decoding=\"async\" width=\"263\" height=\"209\" src=\"https:\/\/jl-wp-test.henry.server4business.de\/wp-content\/uploads\/2026\/03\/Herstellerlogos_Seat.png\" class=\"tt-placement-top tt-bgcolor-one-%23ff5f6d tt-bgcolor-two-%23ffc371 tt-textcolor-%23fff gs-logo--img wp-post-image\" alt=\"\" title=\"Seat\" srcset=\"https:\/\/jl-wp-test.henry.server4business.de\/wp-content\/uploads\/2026\/03\/Herstellerlogos_Seat.png 263w, https:\/\/jl-wp-test.henry.server4business.de\/wp-content\/uploads\/2026\/03\/Herstellerlogos_Seat-150x119.png 150w\" sizes=\"(max-width: 263px) 100vw, 263px\" \/>\n\t\t\t\t\t<!-- Logo Title -->\n\t\t\t\t\t\t\t\t\t\t\n\t\t\t\t\t<!-- Logo Category -->\n\t\t\t\t\t\t\t\t\t\t\n\t\t\t\t<\/div>\n\t\t\t<\/div>\n\n\t\t\n\t\t\t<div class=\"gs_logo_single--wrapper\">\n\t\t\t\t<div class=\"gs_logo_single\">\n\n\t\t\t\t\t<!-- Logo Img -->\n\t\t\t\t\t<img decoding=\"async\" width=\"300\" height=\"196\" src=\"https:\/\/jl-wp-test.henry.server4business.de\/wp-content\/uploads\/2026\/03\/Herstellerlogos_CUPRA-300x196.png\" class=\"tt-placement-top tt-bgcolor-one-%23ff5f6d tt-bgcolor-two-%23ffc371 tt-textcolor-%23fff gs-logo--img wp-post-image\" alt=\"\" title=\"CUPRA\" srcset=\"https:\/\/jl-wp-test.henry.server4business.de\/wp-content\/uploads\/2026\/03\/Herstellerlogos_CUPRA-300x196.png 300w, https:\/\/jl-wp-test.henry.server4business.de\/wp-content\/uploads\/2026\/03\/Herstellerlogos_CUPRA-150x98.png 150w, https:\/\/jl-wp-test.henry.server4business.de\/wp-content\/uploads\/2026\/03\/Herstellerlogos_CUPRA.png 320w\" sizes=\"(max-width: 300px) 100vw, 300px\" \/>\n\t\t\t\t\t<!-- Logo Title -->\n\t\t\t\t\t\t\t\t\t\t\n\t\t\t\t\t<!-- Logo Category -->\n\t\t\t\t\t\t\t\t\t\t\n\t\t\t\t<\/div>\n\t\t\t<\/div>\n\n\t\t\n\t\t\t<div class=\"gs_logo_single--wrapper\">\n\t\t\t\t<div class=\"gs_logo_single\">\n\n\t\t\t\t\t<!-- Logo Img -->\n\t\t\t\t\t<img loading=\"lazy\" decoding=\"async\" width=\"209\" height=\"209\" src=\"https:\/\/jl-wp-test.henry.server4business.de\/wp-content\/uploads\/2026\/03\/Herstellerlogos_VW.png\" class=\"tt-placement-top tt-bgcolor-one-%23ff5f6d tt-bgcolor-two-%23ffc371 tt-textcolor-%23fff gs-logo--img wp-post-image\" alt=\"\" title=\"VW\" srcset=\"https:\/\/jl-wp-test.henry.server4business.de\/wp-content\/uploads\/2026\/03\/Herstellerlogos_VW.png 209w, https:\/\/jl-wp-test.henry.server4business.de\/wp-content\/uploads\/2026\/03\/Herstellerlogos_VW-150x150.png 150w, https:\/\/jl-wp-test.henry.server4business.de\/wp-content\/uploads\/2026\/03\/Herstellerlogos_VW-96x96.png 96w\" sizes=\"(max-width: 209px) 100vw, 209px\" \/>\n\t\t\t\t\t<!-- Logo Title -->\n\t\t\t\t\t\t\t\t\t\t\n\t\t\t\t\t<!-- Logo Category -->\n\t\t\t\t\t\t\t\t\t\t\n\t\t\t\t<\/div>\n\t\t\t<\/div>\n\n\t\t\n\t\t\t<div class=\"gs_logo_single--wrapper\">\n\t\t\t\t<div class=\"gs_logo_single\">\n\n\t\t\t\t\t<!-- Logo Img -->\n\t\t\t\t\t<img loading=\"lazy\" decoding=\"async\" width=\"212\" height=\"212\" src=\"https:\/\/jl-wp-test.henry.server4business.de\/wp-content\/uploads\/2026\/03\/Herstellerlogos_BMW.png\" class=\"tt-placement-top tt-bgcolor-one-%23ff5f6d tt-bgcolor-two-%23ffc371 tt-textcolor-%23fff gs-logo--img wp-post-image\" alt=\"\" title=\"BMW\" srcset=\"https:\/\/jl-wp-test.henry.server4business.de\/wp-content\/uploads\/2026\/03\/Herstellerlogos_BMW.png 212w, https:\/\/jl-wp-test.henry.server4business.de\/wp-content\/uploads\/2026\/03\/Herstellerlogos_BMW-150x150.png 150w, https:\/\/jl-wp-test.henry.server4business.de\/wp-content\/uploads\/2026\/03\/Herstellerlogos_BMW-96x96.png 96w\" sizes=\"(max-width: 212px) 100vw, 212px\" \/>\n\t\t\t\t\t<!-- Logo Title -->\n\t\t\t\t\t\t\t\t\t\t\n\t\t\t\t\t<!-- Logo Category -->\n\t\t\t\t\t\t\t\t\t\t\n\t\t\t\t<\/div>\n\t\t\t<\/div>\n\n\t\t\n\t\t\t<div class=\"gs_logo_single--wrapper\">\n\t\t\t\t<div class=\"gs_logo_single\">\n\n\t\t\t\t\t<!-- Logo Img -->\n\t\t\t\t\t<img loading=\"lazy\" decoding=\"async\" width=\"300\" height=\"106\" src=\"https:\/\/jl-wp-test.henry.server4business.de\/wp-content\/uploads\/2026\/03\/Herstellerlogos_Audi-300x106.png\" class=\"tt-placement-top tt-bgcolor-one-%23ff5f6d tt-bgcolor-two-%23ffc371 tt-textcolor-%23fff gs-logo--img wp-post-image\" alt=\"\" title=\"Audi\" srcset=\"https:\/\/jl-wp-test.henry.server4business.de\/wp-content\/uploads\/2026\/03\/Herstellerlogos_Audi-300x106.png 300w, https:\/\/jl-wp-test.henry.server4business.de\/wp-content\/uploads\/2026\/03\/Herstellerlogos_Audi-150x53.png 150w, https:\/\/jl-wp-test.henry.server4business.de\/wp-content\/uploads\/2026\/03\/Herstellerlogos_Audi.png 344w\" sizes=\"(max-width: 300px) 100vw, 300px\" \/>\n\t\t\t\t\t<!-- Logo Title -->\n\t\t\t\t\t\t\t\t\t\t\n\t\t\t\t\t<!-- Logo Category -->\n\t\t\t\t\t\t\t\t\t\t\n\t\t\t\t<\/div>\n\t\t\t<\/div>\n\n\t\t\n\t\t\t<div class=\"gs_logo_single--wrapper\">\n\t\t\t\t<div class=\"gs_logo_single\">\n\n\t\t\t\t\t<!-- Logo Img -->\n\t\t\t\t\t<img loading=\"lazy\" decoding=\"async\" width=\"300\" height=\"71\" src=\"https:\/\/jl-wp-test.henry.server4business.de\/wp-content\/uploads\/2026\/03\/Herstellerlogos_KIA-300x71.png\" class=\"tt-placement-top tt-bgcolor-one-%23ff5f6d tt-bgcolor-two-%23ffc371 tt-textcolor-%23fff gs-logo--img wp-post-image\" alt=\"\" title=\"KIA\" srcset=\"https:\/\/jl-wp-test.henry.server4business.de\/wp-content\/uploads\/2026\/03\/Herstellerlogos_KIA-300x71.png 300w, https:\/\/jl-wp-test.henry.server4business.de\/wp-content\/uploads\/2026\/03\/Herstellerlogos_KIA-150x35.png 150w, https:\/\/jl-wp-test.henry.server4business.de\/wp-content\/uploads\/2026\/03\/Herstellerlogos_KIA.png 344w\" sizes=\"(max-width: 300px) 100vw, 300px\" \/>\n\t\t\t\t\t<!-- Logo Title -->\n\t\t\t\t\t\t\t\t\t\t\n\t\t\t\t\t<!-- Logo Category -->\n\t\t\t\t\t\t\t\t\t\t\n\t\t\t\t<\/div>\n\t\t\t<\/div>\n\n\t\t\n\t\t\t<div class=\"gs_logo_single--wrapper\">\n\t\t\t\t<div class=\"gs_logo_single\">\n\n\t\t\t\t\t<!-- Logo Img -->\n\t\t\t\t\t<img loading=\"lazy\" decoding=\"async\" width=\"300\" height=\"173\" src=\"https:\/\/jl-wp-test.henry.server4business.de\/wp-content\/uploads\/2026\/03\/Herstellerlogos_Hyundai-300x173.png\" class=\"tt-placement-top tt-bgcolor-one-%23ff5f6d tt-bgcolor-two-%23ffc371 tt-textcolor-%23fff gs-logo--img wp-post-image\" alt=\"\" title=\"Hyundai\" srcset=\"https:\/\/jl-wp-test.henry.server4business.de\/wp-content\/uploads\/2026\/03\/Herstellerlogos_Hyundai-300x173.png 300w, https:\/\/jl-wp-test.henry.server4business.de\/wp-content\/uploads\/2026\/03\/Herstellerlogos_Hyundai-150x87.png 150w, https:\/\/jl-wp-test.henry.server4business.de\/wp-content\/uploads\/2026\/03\/Herstellerlogos_Hyundai.png 320w\" sizes=\"(max-width: 300px) 100vw, 300px\" \/>\n\t\t\t\t\t<!-- Logo Title -->\n\t\t\t\t\t\t\t\t\t\t\n\t\t\t\t\t<!-- Logo Category -->\n\t\t\t\t\t\t\t\t\t\t\n\t\t\t\t<\/div>\n\t\t\t<\/div>\n\n\t\t\n\t\t\t<div class=\"gs_logo_single--wrapper\">\n\t\t\t\t<div class=\"gs_logo_single\">\n\n\t\t\t\t\t<!-- Logo Img -->\n\t\t\t\t\t<img loading=\"lazy\" decoding=\"async\" width=\"300\" height=\"185\" src=\"https:\/\/jl-wp-test.henry.server4business.de\/wp-content\/uploads\/2026\/03\/Herstellerlogos_Opel-300x185.png\" class=\"tt-placement-top tt-bgcolor-one-%23ff5f6d tt-bgcolor-two-%23ffc371 tt-textcolor-%23fff gs-logo--img wp-post-image\" alt=\"\" title=\"Opel\" srcset=\"https:\/\/jl-wp-test.henry.server4business.de\/wp-content\/uploads\/2026\/03\/Herstellerlogos_Opel-300x185.png 300w, https:\/\/jl-wp-test.henry.server4business.de\/wp-content\/uploads\/2026\/03\/Herstellerlogos_Opel-150x92.png 150w, https:\/\/jl-wp-test.henry.server4business.de\/wp-content\/uploads\/2026\/03\/Herstellerlogos_Opel.png 339w\" sizes=\"(max-width: 300px) 100vw, 300px\" \/>\n\t\t\t\t\t<!-- Logo Title -->\n\t\t\t\t\t\t\t\t\t\t\n\t\t\t\t\t<!-- Logo Category -->\n\t\t\t\t\t\t\t\t\t\t\n\t\t\t\t<\/div>\n\t\t\t<\/div>\n\n\t\t\n\t\t\t<div class=\"gs_logo_single--wrapper\">\n\t\t\t\t<div class=\"gs_logo_single\">\n\n\t\t\t\t\t<!-- Logo Img -->\n\t\t\t\t\t<img loading=\"lazy\" decoding=\"async\" width=\"191\" height=\"209\" src=\"https:\/\/jl-wp-test.henry.server4business.de\/wp-content\/uploads\/2026\/03\/Herstellerlogos_Peugeot.png\" class=\"tt-placement-top tt-bgcolor-one-%23ff5f6d tt-bgcolor-two-%23ffc371 tt-textcolor-%23fff gs-logo--img wp-post-image\" alt=\"\" title=\"Peugeot\" srcset=\"https:\/\/jl-wp-test.henry.server4business.de\/wp-content\/uploads\/2026\/03\/Herstellerlogos_Peugeot.png 191w, https:\/\/jl-wp-test.henry.server4business.de\/wp-content\/uploads\/2026\/03\/Herstellerlogos_Peugeot-150x164.png 150w\" sizes=\"(max-width: 191px) 100vw, 191px\" \/>\n\t\t\t\t\t<!-- Logo Title -->\n\t\t\t\t\t\t\t\t\t\t\n\t\t\t\t\t<!-- Logo Category -->\n\t\t\t\t\t\t\t\t\t\t\n\t\t\t\t<\/div>\n\t\t\t<\/div>\n\n\t\t\n\t\t\t<div class=\"gs_logo_single--wrapper\">\n\t\t\t\t<div class=\"gs_logo_single\">\n\n\t\t\t\t\t<!-- Logo Img -->\n\t\t\t\t\t<img loading=\"lazy\" decoding=\"async\" width=\"300\" height=\"104\" src=\"https:\/\/jl-wp-test.henry.server4business.de\/wp-content\/uploads\/2026\/03\/Herstellerlogos_Ford-300x104.png\" class=\"tt-placement-top tt-bgcolor-one-%23ff5f6d tt-bgcolor-two-%23ffc371 tt-textcolor-%23fff gs-logo--img wp-post-image\" alt=\"\" title=\"Ford\" srcset=\"https:\/\/jl-wp-test.henry.server4business.de\/wp-content\/uploads\/2026\/03\/Herstellerlogos_Ford-300x104.png 300w, https:\/\/jl-wp-test.henry.server4business.de\/wp-content\/uploads\/2026\/03\/Herstellerlogos_Ford-150x52.png 150w, https:\/\/jl-wp-test.henry.server4business.de\/wp-content\/uploads\/2026\/03\/Herstellerlogos_Ford.png 344w\" sizes=\"(max-width: 300px) 100vw, 300px\" \/>\n\t\t\t\t\t<!-- Logo Title -->\n\t\t\t\t\t\t\t\t\t\t\n\t\t\t\t\t<!-- Logo Category -->\n\t\t\t\t\t\t\t\t\t\t\n\t\t\t\t<\/div>\n\t\t\t<\/div>\n\n\t\t\t\t\n\t\n<\/div>\n\t\t\t\t<!-- Pagination -->\n\t\t\t\t\n\t\t\t<\/div>\n\t\t<\/div>\n\t\n\t\t<style>#gs_logo_area_2:not(.verticaltickerdown):not(.verticalticker) .gs_logo_container{margin-left:-5px}#gs_logo_area_2:not(.verticaltickerdown):not(.verticalticker) .gs_logo_container{margin-right:-5px}#gs_logo_area_2:not(.verticaltickerdown):not(.verticalticker) .gs_logo_single--wrapper{padding:5px}#gs_logo_area_2 ul.gs-logo-filter-cats{text-align:center!important}#gs_logo_area_2 .gs_logo_single--wrapper{width:20%}@media (max-width:1023px){#gs_logo_area_2 .gs_logo_single--wrapper{width:33.333333333333%}}@media (max-width:767px){#gs_logo_area_2 .gs_logo_single--wrapper{width:33.333333333333%}}<\/style>\n\n\n<div style=\"height:2px\" aria-hidden=\"true\" class=\"wp-block-spacer\"><\/div>\n\n\n\n<div class=\"wp-block-buttons is-layout-flex wp-block-buttons-is-layout-flex\">\n<div class=\"wp-block-button has-custom-width wp-block-button__width-100\"><a class=\"wp-block-button__link has-custom-auto-ritter-background-color has-background wp-element-button\" href=\"https:\/\/jl-wp-test.henry.server4business.de\/?page_id=170\" style=\"padding-right:var(--wp--preset--spacing--80);padding-left:var(--wp--preset--spacing--80)\">Zur Fahrzeugsuche<\/a><\/div>\n<\/div>\n","protected":false},"excerpt":{"rendered":"<p>AUTO RITTER IST IHR MEHRMARKEN-AUTOHAUS So individuell wie die Erwartungen und W\u00fcnsche unserer Kunden, so individuell sind auch unsere Marken. Wir als freies&nbsp;Autohaus&nbsp;haben die M\u00f6glichkeit, speziell auf die W\u00fcnsche unserer Kunden optimal einzugehen. Auto Ritter bietet Ihnen nicht nur eine breite Palette verschiedenster Marken, Modelle und Typen sondern auch eine qualifizierte Beratung im Hinblick auf alle von uns angebotenen Fahrzeuge. Unsere Marken im \u00dcberblick:<\/p>\n","protected":false},"author":1,"featured_media":0,"parent":194,"menu_order":0,"comment_status":"closed","ping_status":"closed","template":"","meta":{"footnotes":""},"class_list":["post-576","page","type-page","status-publish","hentry"],"_links":{"self":[{"href":"https:\/\/jl-wp-test.henry.server4business.de\/index.php?rest_route=\/wp\/v2\/pages\/576","targetHints":{"allow":["GET"]}}],"collection":[{"href":"https:\/\/jl-wp-test.henry.server4business.de\/index.php?rest_route=\/wp\/v2\/pages"}],"about":[{"href":"https:\/\/jl-wp-test.henry.server4business.de\/index.php?rest_route=\/wp\/v2\/types\/page"}],"author":[{"embeddable":true,"href":"https:\/\/jl-wp-test.henry.server4business.de\/index.php?rest_route=\/wp\/v2\/users\/1"}],"replies":[{"embeddable":true,"href":"https:\/\/jl-wp-test.henry.server4business.de\/index.php?rest_route=%2Fwp%2Fv2%2Fcomments&post=576"}],"version-history":[{"count":5,"href":"https:\/\/jl-wp-test.henry.server4business.de\/index.php?rest_route=\/wp\/v2\/pages\/576\/revisions"}],"predecessor-version":[{"id":785,"href":"https:\/\/jl-wp-test.henry.server4business.de\/index.php?rest_route=\/wp\/v2\/pages\/576\/revisions\/785"}],"up":[{"embeddable":true,"href":"https:\/\/jl-wp-test.henry.server4business.de\/index.php?rest_route=\/wp\/v2\/pages\/194"}],"wp:attachment":[{"href":"https:\/\/jl-wp-test.henry.server4business.de\/index.php?rest_route=%2Fwp%2Fv2%2Fmedia&parent=576"}],"curies":[{"name":"wp","href":"https:\/\/api.w.org\/{rel}","templated":true}]}}