{"id":566,"date":"2026-03-20T12:19:02","date_gmt":"2026-03-20T12:19:02","guid":{"rendered":"https:\/\/jl-wp-test.henry.server4business.de\/?page_id=566"},"modified":"2026-04-02T13:59:02","modified_gmt":"2026-04-02T13:59:02","slug":"bestellfahrzeuge","status":"publish","type":"page","link":"https:\/\/jl-wp-test.henry.server4business.de\/?page_id=566","title":{"rendered":"Bestellfahrzeuge"},"content":{"rendered":"\t\t<div class=\"wp-block-web-stories-embed web-stories-embed alignfull\">\n\t\t\t<div class=\"wp-block-embed__wrapper\" style=\"--aspect-ratio: 0.600000; --width: 360px; --height: 600px\">\n\t\t\t\t<amp-story-player>\n\t\t\t\t\t<a href=\"https:\/\/jl-wp-test.henry.server4business.de\/?web-story=story-fahrzeuge\">\n\t\t\t\t\t\t\t\t\t\t\t\t\t<img\n\t\t\t\t\t\t\t\tsrc=\"https:\/\/jl-wp-test.henry.server4business.de\/wp-content\/uploads\/2026\/03\/cropped-Slide-1-2.jpg\"\n\t\t\t\t\t\t\t\twidth=\"360\"\n\t\t\t\t\t\t\t\theight=\"600\"\n\t\t\t\t\t\t\t\talt=\"Story Fahrzeuge\"\n\t\t\t\t\t\t\t\t\t\t\t\t\t\t\t\t\t\t\t\t\t\t\t\tloading=\"lazy\"\n\t\t\t\t\t\t\t\tdecoding=\"async\"\n\t\t\t\t\t\t\t\tdata-amp-story-player-poster-img\n\t\t\t\t\t\t\t\/>\n\t\t\t\t\t\t\t\t\t\t\t\t<\/a>\n\t\t\t\t<\/amp-story-player>\n\t\t\t<\/div>\n\t\t<\/div>\n\t\t\n\n\n<div style=\"height:2px\" aria-hidden=\"true\" class=\"wp-block-spacer\"><\/div>\n\n\n\n<h2 class=\"wp-block-heading\"><strong>FAHRZEUGE<\/strong> NACH IHREN W\u00dcNSCHEN <strong>KONFIGURIEREN<\/strong><\/h2>\n\n\n\n<p>Sollte in unserm Bestand aus \u00fcber 300 sofort&nbsp;<strong>verf\u00fcgbaren Fahrzeugen<\/strong>&nbsp;einmal nicht Ihr Wunschfahrzeug dabei sein, hilft Ihnen unser kompetentes&nbsp;<strong>Verkaufsteam<\/strong>&nbsp;gerne weiter.<\/p>\n\n\n\n<p>An unserem\u00a0Standorten in Eschenbach stellen wir gemeinsam mit Ihnen Ihr Traumfahrzeug individuell zusammen. Eine umfassende\u00a0<strong>Beratung\u00a0<\/strong>geh\u00f6rt f\u00fcr uns dabei zur Selbstverst\u00e4ndlichkeit. <\/p>\n\n\n\n<div style=\"height:5px\" aria-hidden=\"true\" class=\"wp-block-spacer\"><\/div>\n\n\n\n<div class=\"wp-block-buttons is-layout-flex wp-block-buttons-is-layout-flex\">\n<div class=\"wp-block-button has-custom-width wp-block-button__width-100\"><a class=\"wp-block-button__link has-custom-auto-ritter-background-color has-background wp-element-button\" href=\"https:\/\/jl-wp-test.henry.server4business.de\/?page_id=170\" style=\"padding-right:var(--wp--preset--spacing--80);padding-left:var(--wp--preset--spacing--80)\">Zur Fahrzeugsuche<\/a><\/div>\n<\/div>\n","protected":false},"excerpt":{"rendered":"<p>FAHRZEUGE NACH IHREN W\u00dcNSCHEN KONFIGURIEREN Sollte in unserm Bestand aus \u00fcber 300 sofort&nbsp;verf\u00fcgbaren Fahrzeugen&nbsp;einmal nicht Ihr Wunschfahrzeug dabei sein, hilft Ihnen unser kompetentes&nbsp;Verkaufsteam&nbsp;gerne weiter. An unserem\u00a0Standorten in Eschenbach stellen wir gemeinsam mit Ihnen Ihr Traumfahrzeug individuell zusammen. Eine umfassende\u00a0Beratung\u00a0geh\u00f6rt f\u00fcr uns dabei zur Selbstverst\u00e4ndlichkeit.<\/p>\n","protected":false},"author":1,"featured_media":0,"parent":194,"menu_order":0,"comment_status":"closed","ping_status":"closed","template":"","meta":{"footnotes":""},"class_list":["post-566","page","type-page","status-publish","hentry"],"_links":{"self":[{"href":"https:\/\/jl-wp-test.henry.server4business.de\/index.php?rest_route=\/wp\/v2\/pages\/566","targetHints":{"allow":["GET"]}}],"collection":[{"href":"https:\/\/jl-wp-test.henry.server4business.de\/index.php?rest_route=\/wp\/v2\/pages"}],"about":[{"href":"https:\/\/jl-wp-test.henry.server4business.de\/index.php?rest_route=\/wp\/v2\/types\/page"}],"author":[{"embeddable":true,"href":"https:\/\/jl-wp-test.henry.server4business.de\/index.php?rest_route=\/wp\/v2\/users\/1"}],"replies":[{"embeddable":true,"href":"https:\/\/jl-wp-test.henry.server4business.de\/index.php?rest_route=%2Fwp%2Fv2%2Fcomments&post=566"}],"version-history":[{"count":7,"href":"https:\/\/jl-wp-test.henry.server4business.de\/index.php?rest_route=\/wp\/v2\/pages\/566\/revisions"}],"predecessor-version":[{"id":747,"href":"https:\/\/jl-wp-test.henry.server4business.de\/index.php?rest_route=\/wp\/v2\/pages\/566\/revisions\/747"}],"up":[{"embeddable":true,"href":"https:\/\/jl-wp-test.henry.server4business.de\/index.php?rest_route=\/wp\/v2\/pages\/194"}],"wp:attachment":[{"href":"https:\/\/jl-wp-test.henry.server4business.de\/index.php?rest_route=%2Fwp%2Fv2%2Fmedia&parent=566"}],"curies":[{"name":"wp","href":"https:\/\/api.w.org\/{rel}","templated":true}]}}