{"id":561,"date":"2026-03-20T12:15:14","date_gmt":"2026-03-20T12:15:14","guid":{"rendered":"https:\/\/jl-wp-test.henry.server4business.de\/?page_id=561"},"modified":"2026-04-02T14:12:52","modified_gmt":"2026-04-02T14:12:52","slug":"gebrauchtwagen","status":"publish","type":"page","link":"https:\/\/jl-wp-test.henry.server4business.de\/?page_id=561","title":{"rendered":"Gebrauchtwagen"},"content":{"rendered":"\t\t<div class=\"wp-block-web-stories-embed web-stories-embed alignfull\">\n\t\t\t<div class=\"wp-block-embed__wrapper\" style=\"--aspect-ratio: 0.600000; --width: 360px; --height: 600px\">\n\t\t\t\t<amp-story-player>\n\t\t\t\t\t<a href=\"https:\/\/jl-wp-test.henry.server4business.de\/?web-story=story-fahrzeuge\">\n\t\t\t\t\t\t\t\t\t\t\t\t\t<img\n\t\t\t\t\t\t\t\tsrc=\"https:\/\/jl-wp-test.henry.server4business.de\/wp-content\/uploads\/2026\/03\/cropped-Slide-1-2.jpg\"\n\t\t\t\t\t\t\t\twidth=\"360\"\n\t\t\t\t\t\t\t\theight=\"600\"\n\t\t\t\t\t\t\t\talt=\"Story Fahrzeuge\"\n\t\t\t\t\t\t\t\t\t\t\t\t\t\t\t\t\t\t\t\t\t\t\t\tloading=\"lazy\"\n\t\t\t\t\t\t\t\tdecoding=\"async\"\n\t\t\t\t\t\t\t\tdata-amp-story-player-poster-img\n\t\t\t\t\t\t\t\/>\n\t\t\t\t\t\t\t\t\t\t\t\t<\/a>\n\t\t\t\t<\/amp-story-player>\n\t\t\t<\/div>\n\t\t<\/div>\n\t\t\n\n\n<div style=\"height:2px\" aria-hidden=\"true\" class=\"wp-block-spacer\"><\/div>\n\n\n\n<h2 class=\"wp-block-heading\"><strong>ERSTKLASSIGE<\/strong> GEBRAUCHTWAGEN<\/h2>\n\n\n\n<p>Ob junger Jahreswagen, Leasingr\u00fcckl\u00e4ufer oder g\u00fcnstiger Gebrauchtwagen \u2013 bei uns finden Sie immer das richtige Fahrzeug. Alle Gebrauchten werden von unserer fachkundigen Werkstatt genau inspiziert und kommen erst in den Verkauf, wenn alle M\u00e4ngel behoben wurden und das Fahrzeug komplett aufbereitet ist. So stellen wir sicher, dass Ihr neuer Gebrauchtwagen reibungslos eine neue HU \/ AU Plakette erh\u00e4lt und Sie bedenkenlos und guten Gewissens noch viele Jahre Spa\u00df an Ihrem neuen Gebrauchten haben.<\/p>\n\n\n\n<p>Bei uns als H\u00e4ndler erhalten Sie dar\u00fcber hinaus eine 12-monatige Gew\u00e4hrleistung auf Ihren Gebrauchtwagen. Ein weiterer Grund sich f\u00fcr einen Gebrauchten von Auto Ritter zu entscheiden!<\/p>\n\n\n\n<div style=\"height:5px\" aria-hidden=\"true\" class=\"wp-block-spacer\"><\/div>\n\n\n\n<div class=\"wp-block-buttons is-layout-flex wp-block-buttons-is-layout-flex\">\n<div class=\"wp-block-button has-custom-width wp-block-button__width-100\"><a class=\"wp-block-button__link has-custom-auto-ritter-background-color has-background wp-element-button\" href=\"https:\/\/jl-wp-test.henry.server4business.de\/?page_id=170\" style=\"padding-right:var(--wp--preset--spacing--80);padding-left:var(--wp--preset--spacing--80)\">Zur Fahrzeugsuche<\/a><\/div>\n<\/div>\n","protected":false},"excerpt":{"rendered":"<p>ERSTKLASSIGE GEBRAUCHTWAGEN Ob junger Jahreswagen, Leasingr\u00fcckl\u00e4ufer oder g\u00fcnstiger Gebrauchtwagen \u2013 bei uns finden Sie immer das richtige Fahrzeug. Alle Gebrauchten werden von unserer fachkundigen Werkstatt genau inspiziert und kommen erst in den Verkauf, wenn alle M\u00e4ngel behoben wurden und das Fahrzeug komplett aufbereitet ist. So stellen wir sicher, dass Ihr neuer Gebrauchtwagen reibungslos eine neue HU \/ AU Plakette erh\u00e4lt und Sie bedenkenlos und guten Gewissens noch viele Jahre Spa\u00df an Ihrem neuen Gebrauchten haben. Bei uns als H\u00e4ndler erhalten Sie dar\u00fcber hinaus eine 12-monatige Gew\u00e4hrleistung auf Ihren Gebrauchtwagen. Ein weiterer Grund sich f\u00fcr einen Gebrauchten von Auto Ritter zu entscheiden!<\/p>\n","protected":false},"author":1,"featured_media":0,"parent":194,"menu_order":0,"comment_status":"closed","ping_status":"closed","template":"","meta":{"footnotes":""},"class_list":["post-561","page","type-page","status-publish","hentry"],"_links":{"self":[{"href":"https:\/\/jl-wp-test.henry.server4business.de\/index.php?rest_route=\/wp\/v2\/pages\/561","targetHints":{"allow":["GET"]}}],"collection":[{"href":"https:\/\/jl-wp-test.henry.server4business.de\/index.php?rest_route=\/wp\/v2\/pages"}],"about":[{"href":"https:\/\/jl-wp-test.henry.server4business.de\/index.php?rest_route=\/wp\/v2\/types\/page"}],"author":[{"embeddable":true,"href":"https:\/\/jl-wp-test.henry.server4business.de\/index.php?rest_route=\/wp\/v2\/users\/1"}],"replies":[{"embeddable":true,"href":"https:\/\/jl-wp-test.henry.server4business.de\/index.php?rest_route=%2Fwp%2Fv2%2Fcomments&post=561"}],"version-history":[{"count":6,"href":"https:\/\/jl-wp-test.henry.server4business.de\/index.php?rest_route=\/wp\/v2\/pages\/561\/revisions"}],"predecessor-version":[{"id":760,"href":"https:\/\/jl-wp-test.henry.server4business.de\/index.php?rest_route=\/wp\/v2\/pages\/561\/revisions\/760"}],"up":[{"embeddable":true,"href":"https:\/\/jl-wp-test.henry.server4business.de\/index.php?rest_route=\/wp\/v2\/pages\/194"}],"wp:attachment":[{"href":"https:\/\/jl-wp-test.henry.server4business.de\/index.php?rest_route=%2Fwp%2Fv2%2Fmedia&parent=561"}],"curies":[{"name":"wp","href":"https:\/\/api.w.org\/{rel}","templated":true}]}}