{"id":194,"date":"2026-03-12T16:04:26","date_gmt":"2026-03-12T16:04:26","guid":{"rendered":"https:\/\/jl-wp-test.henry.server4business.de\/?page_id=194"},"modified":"2026-04-02T13:55:28","modified_gmt":"2026-04-02T13:55:28","slug":"fahrzeuge","status":"publish","type":"page","link":"https:\/\/jl-wp-test.henry.server4business.de\/?page_id=194","title":{"rendered":"Fahrzeuge"},"content":{"rendered":"\t\t<div class=\"wp-block-web-stories-embed web-stories-embed alignfull\">\n\t\t\t<div class=\"wp-block-embed__wrapper\" style=\"--aspect-ratio: 0.600000; --width: 360px; --height: 600px\">\n\t\t\t\t<amp-story-player>\n\t\t\t\t\t<a href=\"https:\/\/jl-wp-test.henry.server4business.de\/?web-story=story-fahrzeuge\">\n\t\t\t\t\t\t\t\t\t\t\t\t\t<img\n\t\t\t\t\t\t\t\tsrc=\"https:\/\/jl-wp-test.henry.server4business.de\/wp-content\/uploads\/2026\/03\/cropped-Slide-1-2.jpg\"\n\t\t\t\t\t\t\t\twidth=\"360\"\n\t\t\t\t\t\t\t\theight=\"600\"\n\t\t\t\t\t\t\t\talt=\"Story Fahrzeuge\"\n\t\t\t\t\t\t\t\t\t\t\t\t\t\t\t\t\t\t\t\t\t\t\t\tloading=\"lazy\"\n\t\t\t\t\t\t\t\tdecoding=\"async\"\n\t\t\t\t\t\t\t\tdata-amp-story-player-poster-img\n\t\t\t\t\t\t\t\/>\n\t\t\t\t\t\t\t\t\t\t\t\t<\/a>\n\t\t\t\t<\/amp-story-player>\n\t\t\t<\/div>\n\t\t<\/div>\n\t\t\n\n\t\n\t\t<div id=\"gs_logo_area_1\" data-sort=\"name\" data-shortcode-id=\"1\" class=\"gs_logo_area gs_logo_area_1 slider1 \" data-options='{\"logo_per_page\":\"6\"}' style=\"opacity: 0; visibility: hidden;\">\n\t\t\t<div class=\"gs_logo_area--inner\">\n\n\t\t\t\t<!-- Category Filters - New (Global) -->\n\t\t\t\t\t\n\t\t\t\t\n<div class=\"gs_logo_container gs_carousel_swiper gs_logo_fix_height_and_center\" data-carousel-config='{\"direction\":\"horizontal\",\"speed\":500,\"isAutoplay\":true,\"autoplayDelay\":2000,\"loop\":true,\"pauseOnHover\":true,\"ticker\":false,\"navs\":false,\"navs_pos\":\"bottom\",\"dots\":false,\"dynamic_dots\":true,\"slideSpace\":0,\"slidesPerGroup\":1,\"desktopLogos\":5,\"tabletLogos\":3,\"mobileLogos\":1,\"reverseDirection\":false}'>\n\n\t\n\t\t\n\t\t\t<div class=\"gs_logo_single--wrapper\">\n\t\t\t\t<div class=\"gs_logo_single\">\n\n\t\t\t\t\t<!-- Logo Img -->\n\t\t\t\t\t<a href=\"https:\/\/meinabo.autoritter.de\/katalog\" target=\"_self\" rel=\"noopener\"><img decoding=\"async\" width=\"300\" height=\"60\" src=\"https:\/\/jl-wp-test.henry.server4business.de\/wp-content\/uploads\/2020\/08\/Buttons-02-300x60.png\" class=\"tt-placement-top tt-bgcolor-one-%23ff5f6d tt-bgcolor-two-%23ffc371 tt-textcolor-%23fff gs-logo--img wp-post-image\" alt=\"\" title=\"Auto Abo\" srcset=\"https:\/\/jl-wp-test.henry.server4business.de\/wp-content\/uploads\/2020\/08\/Buttons-02-300x60.png 300w, https:\/\/jl-wp-test.henry.server4business.de\/wp-content\/uploads\/2020\/08\/Buttons-02-1024x205.png 1024w, https:\/\/jl-wp-test.henry.server4business.de\/wp-content\/uploads\/2020\/08\/Buttons-02-768x154.png 768w, https:\/\/jl-wp-test.henry.server4business.de\/wp-content\/uploads\/2020\/08\/Buttons-02-1536x307.png 1536w, https:\/\/jl-wp-test.henry.server4business.de\/wp-content\/uploads\/2020\/08\/Buttons-02-2048x409.png 2048w, https:\/\/jl-wp-test.henry.server4business.de\/wp-content\/uploads\/2020\/08\/Buttons-02-150x30.png 150w\" sizes=\"(max-width: 300px) 100vw, 300px\" \/><\/a>\n\t\t\t\t\t<!-- Logo Title -->\n\t\t\t\t\t\t\t\t\t\t\n\t\t\t\t\t<!-- Logo Category -->\n\t\t\t\t\t\t\t\t\t\t\n\t\t\t\t<\/div>\n\t\t\t<\/div>\n\n\t\t\n\t\t\t<div class=\"gs_logo_single--wrapper\">\n\t\t\t\t<div class=\"gs_logo_single\">\n\n\t\t\t\t\t<!-- Logo Img -->\n\t\t\t\t\t<a href=\"https:\/\/jl-wp-test.henry.server4business.de\/?page_id=566\" target=\"_self\" rel=\"noopener\"><img decoding=\"async\" width=\"300\" height=\"60\" src=\"https:\/\/jl-wp-test.henry.server4business.de\/wp-content\/uploads\/2020\/08\/Buttons-05-1-300x60.png\" class=\"tt-placement-top tt-bgcolor-one-%23ff5f6d tt-bgcolor-two-%23ffc371 tt-textcolor-%23fff gs-logo--img wp-post-image\" alt=\"\" title=\"Bestellfahrzeuge\" srcset=\"https:\/\/jl-wp-test.henry.server4business.de\/wp-content\/uploads\/2020\/08\/Buttons-05-1-300x60.png 300w, https:\/\/jl-wp-test.henry.server4business.de\/wp-content\/uploads\/2020\/08\/Buttons-05-1-1024x205.png 1024w, https:\/\/jl-wp-test.henry.server4business.de\/wp-content\/uploads\/2020\/08\/Buttons-05-1-768x154.png 768w, https:\/\/jl-wp-test.henry.server4business.de\/wp-content\/uploads\/2020\/08\/Buttons-05-1-1536x307.png 1536w, https:\/\/jl-wp-test.henry.server4business.de\/wp-content\/uploads\/2020\/08\/Buttons-05-1-2048x409.png 2048w, https:\/\/jl-wp-test.henry.server4business.de\/wp-content\/uploads\/2020\/08\/Buttons-05-1-150x30.png 150w\" sizes=\"(max-width: 300px) 100vw, 300px\" \/><\/a>\n\t\t\t\t\t<!-- Logo Title -->\n\t\t\t\t\t\t\t\t\t\t\n\t\t\t\t\t<!-- Logo Category -->\n\t\t\t\t\t\t\t\t\t\t\n\t\t\t\t<\/div>\n\t\t\t<\/div>\n\n\t\t\n\t\t\t<div class=\"gs_logo_single--wrapper\">\n\t\t\t\t<div class=\"gs_logo_single\">\n\n\t\t\t\t\t<!-- Logo Img -->\n\t\t\t\t\t<a href=\"https:\/\/jl-wp-test.henry.server4business.de\/?page_id=547\" target=\"_self\" rel=\"noopener\"><img decoding=\"async\" width=\"300\" height=\"60\" src=\"https:\/\/jl-wp-test.henry.server4business.de\/wp-content\/uploads\/2020\/08\/Buttons-07-300x60.png\" class=\"tt-placement-top tt-bgcolor-one-%23ff5f6d tt-bgcolor-two-%23ffc371 tt-textcolor-%23fff gs-logo--img wp-post-image\" alt=\"\" title=\"Finanzierung &#038; Leasing\" srcset=\"https:\/\/jl-wp-test.henry.server4business.de\/wp-content\/uploads\/2020\/08\/Buttons-07-300x60.png 300w, https:\/\/jl-wp-test.henry.server4business.de\/wp-content\/uploads\/2020\/08\/Buttons-07-1024x205.png 1024w, https:\/\/jl-wp-test.henry.server4business.de\/wp-content\/uploads\/2020\/08\/Buttons-07-768x154.png 768w, https:\/\/jl-wp-test.henry.server4business.de\/wp-content\/uploads\/2020\/08\/Buttons-07-1536x307.png 1536w, https:\/\/jl-wp-test.henry.server4business.de\/wp-content\/uploads\/2020\/08\/Buttons-07-2048x409.png 2048w, https:\/\/jl-wp-test.henry.server4business.de\/wp-content\/uploads\/2020\/08\/Buttons-07-150x30.png 150w\" sizes=\"(max-width: 300px) 100vw, 300px\" \/><\/a>\n\t\t\t\t\t<!-- Logo Title -->\n\t\t\t\t\t\t\t\t\t\t\n\t\t\t\t\t<!-- Logo Category -->\n\t\t\t\t\t\t\t\t\t\t\n\t\t\t\t<\/div>\n\t\t\t<\/div>\n\n\t\t\n\t\t\t<div class=\"gs_logo_single--wrapper\">\n\t\t\t\t<div class=\"gs_logo_single\">\n\n\t\t\t\t\t<!-- Logo Img -->\n\t\t\t\t\t<a href=\"https:\/\/jl-wp-test.henry.server4business.de\/?page_id=561\" target=\"_self\" rel=\"noopener\"><img loading=\"lazy\" decoding=\"async\" width=\"300\" height=\"60\" src=\"https:\/\/jl-wp-test.henry.server4business.de\/wp-content\/uploads\/2020\/08\/Buttons-06-1-300x60.png\" class=\"tt-placement-top tt-bgcolor-one-%23ff5f6d tt-bgcolor-two-%23ffc371 tt-textcolor-%23fff gs-logo--img wp-post-image\" alt=\"\" title=\"Gebrauchtwagen\" srcset=\"https:\/\/jl-wp-test.henry.server4business.de\/wp-content\/uploads\/2020\/08\/Buttons-06-1-300x60.png 300w, https:\/\/jl-wp-test.henry.server4business.de\/wp-content\/uploads\/2020\/08\/Buttons-06-1-1024x205.png 1024w, https:\/\/jl-wp-test.henry.server4business.de\/wp-content\/uploads\/2020\/08\/Buttons-06-1-768x154.png 768w, https:\/\/jl-wp-test.henry.server4business.de\/wp-content\/uploads\/2020\/08\/Buttons-06-1-1536x307.png 1536w, https:\/\/jl-wp-test.henry.server4business.de\/wp-content\/uploads\/2020\/08\/Buttons-06-1-2048x409.png 2048w, https:\/\/jl-wp-test.henry.server4business.de\/wp-content\/uploads\/2020\/08\/Buttons-06-1-150x30.png 150w\" sizes=\"(max-width: 300px) 100vw, 300px\" \/><\/a>\n\t\t\t\t\t<!-- Logo Title -->\n\t\t\t\t\t\t\t\t\t\t\n\t\t\t\t\t<!-- Logo Category -->\n\t\t\t\t\t\t\t\t\t\t\n\t\t\t\t<\/div>\n\t\t\t<\/div>\n\n\t\t\n\t\t\t<div class=\"gs_logo_single--wrapper\">\n\t\t\t\t<div class=\"gs_logo_single\">\n\n\t\t\t\t\t<!-- Logo Img -->\n\t\t\t\t\t<a href=\"https:\/\/jl-wp-test.henry.server4business.de\/?page_id=573\" target=\"_self\" rel=\"noopener\"><img loading=\"lazy\" decoding=\"async\" width=\"300\" height=\"60\" src=\"https:\/\/jl-wp-test.henry.server4business.de\/wp-content\/uploads\/2020\/08\/Buttons-04-1-300x60.png\" class=\"tt-placement-top tt-bgcolor-one-%23ff5f6d tt-bgcolor-two-%23ffc371 tt-textcolor-%23fff gs-logo--img wp-post-image\" alt=\"\" title=\"Lagerfahrzeuge\" srcset=\"https:\/\/jl-wp-test.henry.server4business.de\/wp-content\/uploads\/2020\/08\/Buttons-04-1-300x60.png 300w, https:\/\/jl-wp-test.henry.server4business.de\/wp-content\/uploads\/2020\/08\/Buttons-04-1-1024x205.png 1024w, https:\/\/jl-wp-test.henry.server4business.de\/wp-content\/uploads\/2020\/08\/Buttons-04-1-768x154.png 768w, https:\/\/jl-wp-test.henry.server4business.de\/wp-content\/uploads\/2020\/08\/Buttons-04-1-1536x307.png 1536w, https:\/\/jl-wp-test.henry.server4business.de\/wp-content\/uploads\/2020\/08\/Buttons-04-1-2048x409.png 2048w, https:\/\/jl-wp-test.henry.server4business.de\/wp-content\/uploads\/2020\/08\/Buttons-04-1-150x30.png 150w\" sizes=\"(max-width: 300px) 100vw, 300px\" \/><\/a>\n\t\t\t\t\t<!-- Logo Title -->\n\t\t\t\t\t\t\t\t\t\t\n\t\t\t\t\t<!-- Logo Category -->\n\t\t\t\t\t\t\t\t\t\t\n\t\t\t\t<\/div>\n\t\t\t<\/div>\n\n\t\t\n\t\t\t<div class=\"gs_logo_single--wrapper\">\n\t\t\t\t<div class=\"gs_logo_single\">\n\n\t\t\t\t\t<!-- Logo Img -->\n\t\t\t\t\t<a href=\"https:\/\/jl-wp-test.henry.server4business.de\/?page_id=531\" target=\"_self\" rel=\"noopener\"><img loading=\"lazy\" decoding=\"async\" width=\"300\" height=\"60\" src=\"https:\/\/jl-wp-test.henry.server4business.de\/wp-content\/uploads\/2020\/08\/Buttons-08-1-300x60.png\" class=\"tt-placement-top tt-bgcolor-one-%23ff5f6d tt-bgcolor-two-%23ffc371 tt-textcolor-%23fff gs-logo--img wp-post-image\" alt=\"\" title=\"Q&#038;A\" srcset=\"https:\/\/jl-wp-test.henry.server4business.de\/wp-content\/uploads\/2020\/08\/Buttons-08-1-300x60.png 300w, https:\/\/jl-wp-test.henry.server4business.de\/wp-content\/uploads\/2020\/08\/Buttons-08-1-1024x205.png 1024w, https:\/\/jl-wp-test.henry.server4business.de\/wp-content\/uploads\/2020\/08\/Buttons-08-1-768x154.png 768w, https:\/\/jl-wp-test.henry.server4business.de\/wp-content\/uploads\/2020\/08\/Buttons-08-1-1536x307.png 1536w, https:\/\/jl-wp-test.henry.server4business.de\/wp-content\/uploads\/2020\/08\/Buttons-08-1-2048x409.png 2048w, https:\/\/jl-wp-test.henry.server4business.de\/wp-content\/uploads\/2020\/08\/Buttons-08-1-150x30.png 150w\" sizes=\"(max-width: 300px) 100vw, 300px\" \/><\/a>\n\t\t\t\t\t<!-- Logo Title -->\n\t\t\t\t\t\t\t\t\t\t\n\t\t\t\t\t<!-- Logo Category -->\n\t\t\t\t\t\t\t\t\t\t\n\t\t\t\t<\/div>\n\t\t\t<\/div>\n\n\t\t\n\t\t\t<div class=\"gs_logo_single--wrapper\">\n\t\t\t\t<div class=\"gs_logo_single\">\n\n\t\t\t\t\t<!-- Logo Img -->\n\t\t\t\t\t<a href=\"https:\/\/jl-wp-test.henry.server4business.de\/?page_id=576\" target=\"_self\" rel=\"noopener\"><img loading=\"lazy\" decoding=\"async\" width=\"300\" height=\"60\" src=\"https:\/\/jl-wp-test.henry.server4business.de\/wp-content\/uploads\/2020\/08\/Buttons-03-1-300x60.png\" class=\"tt-placement-top tt-bgcolor-one-%23ff5f6d tt-bgcolor-two-%23ffc371 tt-textcolor-%23fff gs-logo--img wp-post-image\" alt=\"\" title=\"Unsere Marken\" srcset=\"https:\/\/jl-wp-test.henry.server4business.de\/wp-content\/uploads\/2020\/08\/Buttons-03-1-300x60.png 300w, https:\/\/jl-wp-test.henry.server4business.de\/wp-content\/uploads\/2020\/08\/Buttons-03-1-1024x205.png 1024w, https:\/\/jl-wp-test.henry.server4business.de\/wp-content\/uploads\/2020\/08\/Buttons-03-1-768x154.png 768w, https:\/\/jl-wp-test.henry.server4business.de\/wp-content\/uploads\/2020\/08\/Buttons-03-1-1536x307.png 1536w, https:\/\/jl-wp-test.henry.server4business.de\/wp-content\/uploads\/2020\/08\/Buttons-03-1-2048x409.png 2048w, https:\/\/jl-wp-test.henry.server4business.de\/wp-content\/uploads\/2020\/08\/Buttons-03-1-150x30.png 150w\" sizes=\"(max-width: 300px) 100vw, 300px\" \/><\/a>\n\t\t\t\t\t<!-- Logo Title -->\n\t\t\t\t\t\t\t\t\t\t\n\t\t\t\t\t<!-- Logo Category -->\n\t\t\t\t\t\t\t\t\t\t\n\t\t\t\t<\/div>\n\t\t\t<\/div>\n\n\t\t\n\t\t\t<div class=\"gs_logo_single--wrapper\">\n\t\t\t\t<div class=\"gs_logo_single\">\n\n\t\t\t\t\t<!-- Logo Img -->\n\t\t\t\t\t<a href=\"https:\/\/jl-wp-test.henry.server4business.de\/?page_id=543\" target=\"_self\" rel=\"noopener\"><img loading=\"lazy\" decoding=\"async\" width=\"300\" height=\"60\" src=\"https:\/\/jl-wp-test.henry.server4business.de\/wp-content\/uploads\/2020\/08\/Buttons-07-1-300x60.png\" class=\"tt-placement-top tt-bgcolor-one-%23ff5f6d tt-bgcolor-two-%23ffc371 tt-textcolor-%23fff gs-logo--img wp-post-image\" alt=\"\" title=\"Versicherung\" srcset=\"https:\/\/jl-wp-test.henry.server4business.de\/wp-content\/uploads\/2020\/08\/Buttons-07-1-300x60.png 300w, https:\/\/jl-wp-test.henry.server4business.de\/wp-content\/uploads\/2020\/08\/Buttons-07-1-1024x205.png 1024w, https:\/\/jl-wp-test.henry.server4business.de\/wp-content\/uploads\/2020\/08\/Buttons-07-1-768x154.png 768w, https:\/\/jl-wp-test.henry.server4business.de\/wp-content\/uploads\/2020\/08\/Buttons-07-1-1536x307.png 1536w, https:\/\/jl-wp-test.henry.server4business.de\/wp-content\/uploads\/2020\/08\/Buttons-07-1-2048x409.png 2048w, https:\/\/jl-wp-test.henry.server4business.de\/wp-content\/uploads\/2020\/08\/Buttons-07-1-150x30.png 150w\" sizes=\"(max-width: 300px) 100vw, 300px\" \/><\/a>\n\t\t\t\t\t<!-- Logo Title -->\n\t\t\t\t\t\t\t\t\t\t\n\t\t\t\t\t<!-- Logo Category -->\n\t\t\t\t\t\t\t\t\t\t\n\t\t\t\t<\/div>\n\t\t\t<\/div>\n\n\t\t\n\t\t\t<div class=\"gs_logo_single--wrapper\">\n\t\t\t\t<div class=\"gs_logo_single\">\n\n\t\t\t\t\t<!-- Logo Img -->\n\t\t\t\t\t<a href=\"https:\/\/jl-wp-test.henry.server4business.de\/?page_id=535\" target=\"_self\" rel=\"noopener\"><img loading=\"lazy\" decoding=\"async\" width=\"300\" height=\"60\" src=\"https:\/\/jl-wp-test.henry.server4business.de\/wp-content\/uploads\/2020\/08\/Buttons-01-300x60.png\" class=\"tt-placement-top tt-bgcolor-one-%23ff5f6d tt-bgcolor-two-%23ffc371 tt-textcolor-%23fff gs-logo--img wp-post-image\" alt=\"\" title=\"Wir kaufen Ihr Auto\" srcset=\"https:\/\/jl-wp-test.henry.server4business.de\/wp-content\/uploads\/2020\/08\/Buttons-01-300x60.png 300w, https:\/\/jl-wp-test.henry.server4business.de\/wp-content\/uploads\/2020\/08\/Buttons-01-1024x205.png 1024w, https:\/\/jl-wp-test.henry.server4business.de\/wp-content\/uploads\/2020\/08\/Buttons-01-768x154.png 768w, https:\/\/jl-wp-test.henry.server4business.de\/wp-content\/uploads\/2020\/08\/Buttons-01-1536x307.png 1536w, https:\/\/jl-wp-test.henry.server4business.de\/wp-content\/uploads\/2020\/08\/Buttons-01-2048x409.png 2048w, https:\/\/jl-wp-test.henry.server4business.de\/wp-content\/uploads\/2020\/08\/Buttons-01-150x30.png 150w\" sizes=\"(max-width: 300px) 100vw, 300px\" \/><\/a>\n\t\t\t\t\t<!-- Logo Title -->\n\t\t\t\t\t\t\t\t\t\t\n\t\t\t\t\t<!-- Logo Category -->\n\t\t\t\t\t\t\t\t\t\t\n\t\t\t\t<\/div>\n\t\t\t<\/div>\n\n\t\t\t\t\n\t\n<\/div>\n\t\t\t\t<!-- Pagination -->\n\t\t\t\t\n\t\t\t<\/div>\n\t\t<\/div>\n\t\n\t\t<style>#gs_logo_area_1:not(.verticaltickerdown):not(.verticalticker) .gs_logo_container{margin-left:-0px}#gs_logo_area_1:not(.verticaltickerdown):not(.verticalticker) .gs_logo_container{margin-right:-0px}#gs_logo_area_1:not(.verticaltickerdown):not(.verticalticker) .gs_logo_single--wrapper{padding:0px}#gs_logo_area_1 ul.gs-logo-filter-cats{text-align:center!important}#gs_logo_area_1 .gs_logo_single--wrapper{width:20%}@media (max-width:1023px){#gs_logo_area_1 .gs_logo_single--wrapper{width:33.333333333333%}}@media (max-width:767px){#gs_logo_area_1 .gs_logo_single--wrapper{width:100%}}<\/style>\n\n\n<h2 class=\"wp-block-heading\">WIR SIND IHR&nbsp;<strong>SPEZIALIST F\u00dcR NEU- UND GEBRAUCHTWAGEN<\/strong><\/h2>\n\n\n\n<p>Ob gewerblicher oder privater Kunde \u2013 bei uns findet jeder das richtige Fahrzeug. An unseren beiden Standorten in Vorbach und Eschenbach halten wir stets eine gro\u00dfe Auswahl an Neu-, Jung- und Gebrauchtwagen der verschiedensten Marken f\u00fcr Sie bereit.<\/p>\n\n\n\n<p><strong>Kommen Sie einfach vorbei und \u00fcberzeugen sich selbst, Ihr Auto Ritter Team, denn zu uns biegen Sie richtig ab!<\/strong><\/p>\n\n\n\n<hr class=\"wp-block-separator has-alpha-channel-opacity\" style=\"margin-top:var(--wp--preset--spacing--50);margin-bottom:var(--wp--preset--spacing--50)\"\/>\n\n\n\n<h2 class=\"wp-block-heading\">FAHRZEUGSUCHE<\/h2>\n\n\n\n<figure class=\"wp-block-image size-full\"><img loading=\"lazy\" decoding=\"async\" width=\"800\" height=\"200\" src=\"https:\/\/jl-wp-test.henry.server4business.de\/wp-content\/uploads\/2026\/03\/auto_ritter_sub_fahrzeugsuche.jpg\" alt=\"\" class=\"wp-image-195\" srcset=\"https:\/\/jl-wp-test.henry.server4business.de\/wp-content\/uploads\/2026\/03\/auto_ritter_sub_fahrzeugsuche.jpg 800w, https:\/\/jl-wp-test.henry.server4business.de\/wp-content\/uploads\/2026\/03\/auto_ritter_sub_fahrzeugsuche-300x75.jpg 300w, https:\/\/jl-wp-test.henry.server4business.de\/wp-content\/uploads\/2026\/03\/auto_ritter_sub_fahrzeugsuche-768x192.jpg 768w, https:\/\/jl-wp-test.henry.server4business.de\/wp-content\/uploads\/2026\/03\/auto_ritter_sub_fahrzeugsuche-150x38.jpg 150w\" sizes=\"(max-width: 800px) 100vw, 800px\" \/><\/figure>\n\n\n\n<p class=\"has-contrast-color has-text-color has-link-color wp-elements-a5710d6bf64edef95752eb3d51c034a4\">Mehr als 300 Neuwagen stehen Ihnen bei uns zur Verf\u00fcgung. St\u00f6bern Sie in unseren Angeboten. Mit Sicherheit ist auch f\u00fcr Sie etwas dabei!<\/p>\n\n\n\n<div class=\"wp-block-buttons is-layout-flex wp-block-buttons-is-layout-flex\">\n<div class=\"wp-block-button has-custom-width wp-block-button__width-100\"><a class=\"wp-block-button__link has-custom-auto-ritter-background-color has-background wp-element-button\" href=\"https:\/\/jl-wp-test.henry.server4business.de\/?page_id=170\">Zur Fahrzeugsuche<\/a><\/div>\n<\/div>\n","protected":false},"excerpt":{"rendered":"<p>WIR SIND IHR&nbsp;SPEZIALIST F\u00dcR NEU- UND GEBRAUCHTWAGEN Ob gewerblicher oder privater Kunde \u2013 bei uns findet jeder das richtige Fahrzeug. An unseren beiden Standorten in Vorbach und Eschenbach halten wir stets eine gro\u00dfe Auswahl an Neu-, Jung- und Gebrauchtwagen der verschiedensten Marken f\u00fcr Sie bereit. Kommen Sie einfach vorbei und \u00fcberzeugen sich selbst, Ihr Auto Ritter Team, denn zu uns biegen Sie richtig ab! FAHRZEUGSUCHE Mehr als 300 Neuwagen stehen Ihnen bei uns zur Verf\u00fcgung. St\u00f6bern Sie in unseren Angeboten. Mit Sicherheit ist auch f\u00fcr Sie etwas dabei!<\/p>\n","protected":false},"author":1,"featured_media":0,"parent":0,"menu_order":0,"comment_status":"closed","ping_status":"closed","template":"","meta":{"footnotes":""},"class_list":["post-194","page","type-page","status-publish","hentry"],"_links":{"self":[{"href":"https:\/\/jl-wp-test.henry.server4business.de\/index.php?rest_route=\/wp\/v2\/pages\/194","targetHints":{"allow":["GET"]}}],"collection":[{"href":"https:\/\/jl-wp-test.henry.server4business.de\/index.php?rest_route=\/wp\/v2\/pages"}],"about":[{"href":"https:\/\/jl-wp-test.henry.server4business.de\/index.php?rest_route=\/wp\/v2\/types\/page"}],"author":[{"embeddable":true,"href":"https:\/\/jl-wp-test.henry.server4business.de\/index.php?rest_route=\/wp\/v2\/users\/1"}],"replies":[{"embeddable":true,"href":"https:\/\/jl-wp-test.henry.server4business.de\/index.php?rest_route=%2Fwp%2Fv2%2Fcomments&post=194"}],"version-history":[{"count":43,"href":"https:\/\/jl-wp-test.henry.server4business.de\/index.php?rest_route=\/wp\/v2\/pages\/194\/revisions"}],"predecessor-version":[{"id":740,"href":"https:\/\/jl-wp-test.henry.server4business.de\/index.php?rest_route=\/wp\/v2\/pages\/194\/revisions\/740"}],"wp:attachment":[{"href":"https:\/\/jl-wp-test.henry.server4business.de\/index.php?rest_route=%2Fwp%2Fv2%2Fmedia&parent=194"}],"curies":[{"name":"wp","href":"https:\/\/api.w.org\/{rel}","templated":true}]}}