{"id":183,"date":"2026-03-12T15:52:07","date_gmt":"2026-03-12T15:52:07","guid":{"rendered":"https:\/\/jl-wp-test.henry.server4business.de\/?page_id=183"},"modified":"2026-04-02T13:57:12","modified_gmt":"2026-04-02T13:57:12","slug":"das-autohaus","status":"publish","type":"page","link":"https:\/\/jl-wp-test.henry.server4business.de\/?page_id=183","title":{"rendered":""},"content":{"rendered":"\t\t<div class=\"wp-block-web-stories-embed web-stories-embed alignfull\">\n\t\t\t<div class=\"wp-block-embed__wrapper\" style=\"--aspect-ratio: 0.600000; --width: 360px; --height: 600px\">\n\t\t\t\t<amp-story-player>\n\t\t\t\t\t<a href=\"https:\/\/jl-wp-test.henry.server4business.de\/?web-story=story-das-autohaus\">\n\t\t\t\t\t\t\t\t\t\t\t\t\t<img\n\t\t\t\t\t\t\t\tsrc=\"https:\/\/jl-wp-test.henry.server4business.de\/wp-content\/uploads\/2026\/03\/cropped-Slida-1.jpg\"\n\t\t\t\t\t\t\t\twidth=\"360\"\n\t\t\t\t\t\t\t\theight=\"600\"\n\t\t\t\t\t\t\t\talt=\"Story Das Autohaus\"\n\t\t\t\t\t\t\t\t\t\t\t\t\t\t\t\t\t\t\t\t\t\t\t\tloading=\"lazy\"\n\t\t\t\t\t\t\t\tdecoding=\"async\"\n\t\t\t\t\t\t\t\tdata-amp-story-player-poster-img\n\t\t\t\t\t\t\t\/>\n\t\t\t\t\t\t\t\t\t\t\t\t<\/a>\n\t\t\t\t<\/amp-story-player>\n\t\t\t<\/div>\n\t\t<\/div>\n\t\t\n\n\n<div style=\"height:2px\" aria-hidden=\"true\" class=\"wp-block-spacer\"><\/div>\n\n\n\n<h2 class=\"wp-block-heading\">ZU UNS BIEGEN SIE&nbsp;<strong>RICHTIG<\/strong>&nbsp;AB<\/h2>\n\n\n\n<p><strong>Unsere oberste Priorit\u00e4t ist Ihre Zufriedenheit. Wir wollen Sie begeistern!<\/strong>&nbsp;Nur wenn Sie sich wohlf\u00fchlen und mit unseren Leistungen und Mitarbeitern zufrieden sind, sind wir es auch. Als famili\u00e4res Mehrmarkenautohaus stehen wir Ihnen mit Erfahrung und Kompetenz an unserem Standort in Eschenbach zur Seite.<br>Ob&nbsp;<a href=\"https:\/\/www.auto-ritter.de\/fahrzeuge\/\"><strong>Verkauf<\/strong><\/a>,&nbsp;<a href=\"https:\/\/www.auto-ritter.de\/werkstatt-service\/\"><strong>Werkstatt- oder Service<\/strong><\/a>&nbsp;&#8211; das Team von Auto Ritter unterst\u00fctzt Sie jederzeit mit Professionalit\u00e4t, Qualit\u00e4t und Leidenschaft f\u00fcr Mobilit\u00e4t. <br>F\u00fcr&nbsp;<a href=\"https:\/\/www.auto-ritter.de\/fahrzeuge\/geschaeftskunden\/\"><strong>Gesch\u00e4ftskunden<\/strong><\/a>&nbsp;bieten wir ein speziell auf Ihren Fuhrpark angepasstes Produkt- und Dienstleistungsangebot. <strong>Das Team von Auto Ritter freut sich auf Ihren Besuch!<\/strong><\/p>\n\n\n\n<hr class=\"wp-block-separator has-alpha-channel-opacity\"\/>\n\n\n\n<div data-wp-context=\"{ &quot;autoclose&quot;: false, &quot;accordionItems&quot;: [] }\" data-wp-interactive=\"core\/accordion\" role=\"group\" class=\"wp-block-accordion is-layout-flow wp-block-accordion-is-layout-flow\">\n<div data-wp-class--is-open=\"state.isOpen\" data-wp-context=\"{ &quot;id&quot;: &quot;accordion-item-1&quot;, &quot;openByDefault&quot;: false }\" data-wp-init=\"callbacks.initAccordionItems\" data-wp-on-window--hashchange=\"callbacks.hashChange\" class=\"wp-block-accordion-item is-layout-flow wp-block-accordion-item-is-layout-flow\">\n<h3 class=\"wp-block-accordion-heading\"><button aria-expanded=\"false\" aria-controls=\"accordion-item-1-panel\" data-wp-bind--aria-expanded=\"state.isOpen\" data-wp-on--click=\"actions.toggle\" data-wp-on--keydown=\"actions.handleKeyDown\" id=\"accordion-item-1\" type=\"button\" class=\"wp-block-accordion-heading__toggle\"><span class=\"wp-block-accordion-heading__toggle-title\">Auszeichnungen<\/span><span class=\"wp-block-accordion-heading__toggle-icon\" aria-hidden=\"true\">+<\/span><\/button><\/h3>\n\n\n\n<div inert aria-labelledby=\"accordion-item-1\" data-wp-bind--inert=\"!state.isOpen\" id=\"accordion-item-1-panel\" role=\"region\" class=\"wp-block-accordion-panel is-layout-flow wp-block-accordion-panel-is-layout-flow\">\n<p><strong>Qualit\u00e4t, die \u00fcberzeugt &#8211; Ehrungen, die z\u00e4hlen<\/strong><\/p>\n\n\n\n<p>Unsere Auszeichnungen sind Ausdruck unseres unerm\u00fcdlichen Einsatzes f\u00fcr Innovation und Kundenzufriedenheit.<\/p>\n\n\n\n<p>Ein Zeichen, auf das Sie vertrauen k\u00f6nnen. Auf dieser Seite finden Sie eine Auswahl der Ehrungen, die wir in den letzten Jahren erhalten haben. Sie stehen stellvertretend f\u00fcr unser t\u00e4gliches Engagement und die hohe Qualit\u00e4t unserer Arbeit im Autohausalltag.<\/p>\n\n\n\n<div class=\"wp-block-columns is-layout-flex wp-container-core-columns-is-layout-28f84493 wp-block-columns-is-layout-flex\">\n<div class=\"wp-block-column is-layout-flow wp-block-column-is-layout-flow\">\n<div class=\"wp-block-columns is-not-stacked-on-mobile is-layout-flex wp-container-core-columns-is-layout-28f84493 wp-block-columns-is-layout-flex\">\n<div class=\"wp-block-column is-layout-flow wp-block-column-is-layout-flow\">\n<h3 class=\"wp-block-heading has-text-align-left\">2026<\/h3>\n\n\n\n<div class=\"wp-block-columns is-not-stacked-on-mobile is-layout-flex wp-container-core-columns-is-layout-28f84493 wp-block-columns-is-layout-flex\">\n<div class=\"wp-block-column is-layout-flow wp-block-column-is-layout-flow\">\n<figure class=\"wp-block-image size-large\"><a href=\"https:\/\/autohaendler.auto-motor-und-sport.de\/\"><img fetchpriority=\"high\" decoding=\"async\" width=\"589\" height=\"1024\" src=\"https:\/\/jl-wp-test.henry.server4business.de\/wp-content\/uploads\/2026\/03\/Siegel_klein-589x1024.png\" alt=\"\" class=\"wp-image-606\" srcset=\"https:\/\/jl-wp-test.henry.server4business.de\/wp-content\/uploads\/2026\/03\/Siegel_klein-589x1024.png 589w, https:\/\/jl-wp-test.henry.server4business.de\/wp-content\/uploads\/2026\/03\/Siegel_klein-173x300.png 173w, https:\/\/jl-wp-test.henry.server4business.de\/wp-content\/uploads\/2026\/03\/Siegel_klein-768x1335.png 768w, https:\/\/jl-wp-test.henry.server4business.de\/wp-content\/uploads\/2026\/03\/Siegel_klein-883x1536.png 883w, https:\/\/jl-wp-test.henry.server4business.de\/wp-content\/uploads\/2026\/03\/Siegel_klein-150x261.png 150w, https:\/\/jl-wp-test.henry.server4business.de\/wp-content\/uploads\/2026\/03\/Siegel_klein.png 1006w\" sizes=\"(max-width: 589px) 100vw, 589px\" \/><\/a><\/figure>\n<\/div>\n\n\n\n<div class=\"wp-block-column is-layout-flow wp-block-column-is-layout-flow\">\n<figure class=\"wp-block-image size-large\"><a href=\"https:\/\/www.autobild.de\/artikel\/deutschlands-beste-autohaendler-2026-28505015.html\"><img decoding=\"async\" width=\"685\" height=\"1024\" src=\"https:\/\/jl-wp-test.henry.server4business.de\/wp-content\/uploads\/2026\/03\/AuBi_AH2026_Logo_Basic-685x1024.png\" alt=\"\" class=\"wp-image-607\" srcset=\"https:\/\/jl-wp-test.henry.server4business.de\/wp-content\/uploads\/2026\/03\/AuBi_AH2026_Logo_Basic-685x1024.png 685w, https:\/\/jl-wp-test.henry.server4business.de\/wp-content\/uploads\/2026\/03\/AuBi_AH2026_Logo_Basic-201x300.png 201w, https:\/\/jl-wp-test.henry.server4business.de\/wp-content\/uploads\/2026\/03\/AuBi_AH2026_Logo_Basic-150x224.png 150w, https:\/\/jl-wp-test.henry.server4business.de\/wp-content\/uploads\/2026\/03\/AuBi_AH2026_Logo_Basic.png 718w\" sizes=\"(max-width: 685px) 100vw, 685px\" \/><\/a><\/figure>\n<\/div>\n<\/div>\n<\/div>\n\n\n\n<div class=\"wp-block-column is-layout-flow wp-block-column-is-layout-flow\">\n<h3 class=\"wp-block-heading has-text-align-left\">2025<\/h3>\n\n\n\n<div class=\"wp-block-columns is-not-stacked-on-mobile is-layout-flex wp-container-core-columns-is-layout-28f84493 wp-block-columns-is-layout-flex\">\n<div class=\"wp-block-column is-layout-flow wp-block-column-is-layout-flow\">\n<figure class=\"wp-block-image size-large\"><a href=\"https:\/\/www.auto-motor-und-sport.de\/verkehr\/wir-suchen-den-top-autohaendler-2025\/\"><img decoding=\"async\" width=\"589\" height=\"1024\" src=\"https:\/\/jl-wp-test.henry.server4business.de\/wp-content\/uploads\/2026\/03\/Siegel_AMSHaendler_klein-589x1024.gif\" alt=\"\" class=\"wp-image-611\" srcset=\"https:\/\/jl-wp-test.henry.server4business.de\/wp-content\/uploads\/2026\/03\/Siegel_AMSHaendler_klein-589x1024.gif 589w, https:\/\/jl-wp-test.henry.server4business.de\/wp-content\/uploads\/2026\/03\/Siegel_AMSHaendler_klein-173x300.gif 173w, https:\/\/jl-wp-test.henry.server4business.de\/wp-content\/uploads\/2026\/03\/Siegel_AMSHaendler_klein-768x1335.gif 768w, https:\/\/jl-wp-test.henry.server4business.de\/wp-content\/uploads\/2026\/03\/Siegel_AMSHaendler_klein-883x1536.gif 883w, https:\/\/jl-wp-test.henry.server4business.de\/wp-content\/uploads\/2026\/03\/Siegel_AMSHaendler_klein-150x261.gif 150w\" sizes=\"(max-width: 589px) 100vw, 589px\" \/><\/a><\/figure>\n<\/div>\n\n\n\n<div class=\"wp-block-column is-layout-flow wp-block-column-is-layout-flow\">\n<figure class=\"wp-block-image size-large\"><a href=\"https:\/\/www.autobild.de\/artikel\/deutschlands-beste-autohaendler-2025-27932643.html\"><img loading=\"lazy\" decoding=\"async\" width=\"685\" height=\"1024\" src=\"https:\/\/jl-wp-test.henry.server4business.de\/wp-content\/uploads\/2026\/03\/AuBi_AH2025_Logo_Ausgnr-685x1024.png\" alt=\"\" class=\"wp-image-612\" srcset=\"https:\/\/jl-wp-test.henry.server4business.de\/wp-content\/uploads\/2026\/03\/AuBi_AH2025_Logo_Ausgnr-685x1024.png 685w, https:\/\/jl-wp-test.henry.server4business.de\/wp-content\/uploads\/2026\/03\/AuBi_AH2025_Logo_Ausgnr-201x300.png 201w, https:\/\/jl-wp-test.henry.server4business.de\/wp-content\/uploads\/2026\/03\/AuBi_AH2025_Logo_Ausgnr-150x224.png 150w, https:\/\/jl-wp-test.henry.server4business.de\/wp-content\/uploads\/2026\/03\/AuBi_AH2025_Logo_Ausgnr.png 718w\" sizes=\"(max-width: 685px) 100vw, 685px\" \/><\/a><\/figure>\n<\/div>\n<\/div>\n<\/div>\n<\/div>\n<\/div>\n<\/div>\n<\/div>\n<\/div>\n<\/div>\n\n\n\n<hr class=\"wp-block-separator has-alpha-channel-opacity\" style=\"margin-top:var(--wp--preset--spacing--30);margin-bottom:var(--wp--preset--spacing--30)\"\/>\n\n\n\n<div data-wp-context=\"{ &quot;autoclose&quot;: false, &quot;accordionItems&quot;: [] }\" data-wp-interactive=\"core\/accordion\" role=\"group\" class=\"wp-block-accordion is-layout-flow wp-block-accordion-is-layout-flow\">\n<div data-wp-class--is-open=\"state.isOpen\" data-wp-context=\"{ &quot;id&quot;: &quot;accordion-item-2&quot;, &quot;openByDefault&quot;: false }\" data-wp-init=\"callbacks.initAccordionItems\" data-wp-on-window--hashchange=\"callbacks.hashChange\" class=\"wp-block-accordion-item is-layout-flow wp-block-accordion-item-is-layout-flow\">\n<h3 class=\"wp-block-accordion-heading\"><button aria-expanded=\"false\" aria-controls=\"accordion-item-2-panel\" data-wp-bind--aria-expanded=\"state.isOpen\" data-wp-on--click=\"actions.toggle\" data-wp-on--keydown=\"actions.handleKeyDown\" id=\"accordion-item-2\" type=\"button\" class=\"wp-block-accordion-heading__toggle\"><span class=\"wp-block-accordion-heading__toggle-title\">Philosophie<\/span><span class=\"wp-block-accordion-heading__toggle-icon\" aria-hidden=\"true\">+<\/span><\/button><\/h3>\n\n\n\n<div inert aria-labelledby=\"accordion-item-2\" data-wp-bind--inert=\"!state.isOpen\" id=\"accordion-item-2-panel\" role=\"region\" class=\"wp-block-accordion-panel is-layout-flow wp-block-accordion-panel-is-layout-flow\">\n<p><strong><strong>NORMALIT\u00c4T<\/strong>&nbsp;IST BEI UNS&nbsp;<strong>EINFACH EIN ST\u00dcCK BESSER<\/strong><\/strong><\/p>\n\n\n\n<p>Als regionales Autohaus in Eschenbach sind wir seit \u00fcber zwei Jahrzehnten in der Region tief verwurzelt. Wir sehen es als unsere Herausforderung an, Ihnen einen kompetenten Service in allen Bereichen anzubieten.<br><br><strong>Das Autohaus Ritter und das gesamte Team stehen f\u00fcr:<br><\/strong>\u2022 Vertrauen und Zuverl\u00e4ssigkeit<br>\u2022 Kundenn\u00e4he<br>\u2022 Kompetenz und Qualit\u00e4t<br>\u2022 Innovation und Fortschritt<br>\u2022 Nachhaltigkeit<br>\u2022 Ver\u00e4nderungen<br>\u2022 Konsequenz<br>\u2022 Leistungsorientiertes Denken<br>\u2022 Wirtschaftliches Handeln<\/p>\n<\/div>\n<\/div>\n<\/div>\n\n\n\n<hr class=\"wp-block-separator has-alpha-channel-opacity\" style=\"margin-top:var(--wp--preset--spacing--30);margin-bottom:var(--wp--preset--spacing--30)\"\/>\n\n\n\n<div data-wp-context=\"{ &quot;autoclose&quot;: false, &quot;accordionItems&quot;: [] }\" data-wp-interactive=\"core\/accordion\" role=\"group\" class=\"wp-block-accordion is-layout-flow wp-block-accordion-is-layout-flow\">\n<div data-wp-class--is-open=\"state.isOpen\" data-wp-context=\"{ &quot;id&quot;: &quot;accordion-item-3&quot;, &quot;openByDefault&quot;: false }\" data-wp-init=\"callbacks.initAccordionItems\" data-wp-on-window--hashchange=\"callbacks.hashChange\" class=\"wp-block-accordion-item is-layout-flow wp-block-accordion-item-is-layout-flow\">\n<h3 class=\"wp-block-accordion-heading\"><button aria-expanded=\"false\" aria-controls=\"accordion-item-3-panel\" data-wp-bind--aria-expanded=\"state.isOpen\" data-wp-on--click=\"actions.toggle\" data-wp-on--keydown=\"actions.handleKeyDown\" id=\"accordion-item-3\" type=\"button\" class=\"wp-block-accordion-heading__toggle\"><span class=\"wp-block-accordion-heading__toggle-title\">Geschichte<\/span><span class=\"wp-block-accordion-heading__toggle-icon\" aria-hidden=\"true\">+<\/span><\/button><\/h3>\n\n\n\n<div inert aria-labelledby=\"accordion-item-3\" data-wp-bind--inert=\"!state.isOpen\" id=\"accordion-item-3-panel\" role=\"region\" class=\"wp-block-accordion-panel is-layout-flow wp-block-accordion-panel-is-layout-flow\">\n<div class=\"wp-block-columns is-layout-flex wp-container-core-columns-is-layout-28f84493 wp-block-columns-is-layout-flex\">\n<div class=\"wp-block-column is-layout-flow wp-block-column-is-layout-flow\">\n<p><strong>1990<\/strong><br>Josef und Edeltraud Ritter legen den Grundstein<\/p>\n<\/div>\n\n\n\n<div class=\"wp-block-column is-layout-flow wp-block-column-is-layout-flow\">\n<p><strong>1993<\/strong><br>Vom Teilzeitbesch\u00e4ftigten wird der Schritt in die Selbstst\u00e4ndigkeit gewagt<\/p>\n<\/div>\n<\/div>\n\n\n\n<div class=\"wp-block-columns is-layout-flex wp-container-core-columns-is-layout-28f84493 wp-block-columns-is-layout-flex\">\n<div class=\"wp-block-column is-layout-flow wp-block-column-is-layout-flow\">\n<p><strong>1995<\/strong><br>Umzug und Er\u00f6ffnung der neuen Betriebsr\u00e4ume in Vorbach<\/p>\n<\/div>\n\n\n\n<div class=\"wp-block-column is-layout-flow wp-block-column-is-layout-flow\">\n<p><strong>1998<\/strong><br>Erweiterung der Ausstellungs- und Verkaufsfl\u00e4che auf 6000 m\u00b2<\/p>\n<\/div>\n<\/div>\n\n\n\n<div class=\"wp-block-columns is-layout-flex wp-container-core-columns-is-layout-28f84493 wp-block-columns-is-layout-flex\">\n<div class=\"wp-block-column is-layout-flow wp-block-column-is-layout-flow\">\n<p><strong>2004<\/strong><br>Bau der Wasch- und Aufbereitungsanlage mit Erweiterung Betriebsfl\u00e4che auf 11200 m\u00b2<\/p>\n<\/div>\n\n\n\n<div class=\"wp-block-column is-layout-flow wp-block-column-is-layout-flow\">\n<p><strong>2012<\/strong><br>Weitere Vergr\u00f6\u00dferung des Gel\u00e4ndes in Vorbach<\/p>\n<\/div>\n<\/div>\n\n\n\n<div class=\"wp-block-columns is-layout-flex wp-container-core-columns-is-layout-28f84493 wp-block-columns-is-layout-flex\">\n<div class=\"wp-block-column is-layout-flow wp-block-column-is-layout-flow\">\n<p><strong>2016<\/strong><br>Er\u00f6ffnung des zweiten Autohaus Ritter-Standortes in Eschenbach<\/p>\n<\/div>\n\n\n\n<div class=\"wp-block-column is-layout-flow wp-block-column-is-layout-flow\">\n<p><strong>2017<\/strong><br>Er\u00f6ffnung der Waschanlage am Standort Eschenbach<\/p>\n<\/div>\n<\/div>\n<\/div>\n<\/div>\n<\/div>\n\n\n\n<hr class=\"wp-block-separator has-alpha-channel-opacity\" style=\"margin-top:var(--wp--preset--spacing--30);margin-bottom:var(--wp--preset--spacing--30)\"\/>\n\n\n\n<div data-wp-context=\"{ &quot;autoclose&quot;: false, &quot;accordionItems&quot;: [] }\" data-wp-interactive=\"core\/accordion\" role=\"group\" class=\"wp-block-accordion is-layout-flow wp-block-accordion-is-layout-flow\">\n<div data-wp-class--is-open=\"state.isOpen\" data-wp-context=\"{ &quot;id&quot;: &quot;accordion-item-4&quot;, &quot;openByDefault&quot;: false }\" data-wp-init=\"callbacks.initAccordionItems\" data-wp-on-window--hashchange=\"callbacks.hashChange\" class=\"wp-block-accordion-item is-layout-flow wp-block-accordion-item-is-layout-flow\">\n<h3 class=\"wp-block-accordion-heading\"><button aria-expanded=\"false\" aria-controls=\"accordion-item-4-panel\" data-wp-bind--aria-expanded=\"state.isOpen\" data-wp-on--click=\"actions.toggle\" data-wp-on--keydown=\"actions.handleKeyDown\" id=\"accordion-item-4\" type=\"button\" class=\"wp-block-accordion-heading__toggle\"><span class=\"wp-block-accordion-heading__toggle-title\">Karriere bei Auto Ritter<\/span><span class=\"wp-block-accordion-heading__toggle-icon\" aria-hidden=\"true\">+<\/span><\/button><\/h3>\n\n\n\n<div inert aria-labelledby=\"accordion-item-4\" data-wp-bind--inert=\"!state.isOpen\" id=\"accordion-item-4-panel\" role=\"region\" class=\"wp-block-accordion-panel is-layout-flow wp-block-accordion-panel-is-layout-flow\">\n<p><strong><strong>Unsere aktuellen Stellenangebote am Standort in Eschenbach:<\/strong><\/strong><\/p>\n\n\n\n<p>+ Verk\u00e4ufer Neu- und Gebrauchtwagen (m\/w\/d)<\/p>\n\n\n\n<p>+ KFZ-Mechatroniker PKW (m\/w\/d)<\/p>\n\n\n\n<p>+ KFZ-Meister PKW (m\/w\/d)<\/p>\n\n\n\n<p>+ Fahrzeugmanager (m\/w\/d)<\/p>\n\n\n\n<p>+ Fahrzeugpfleger (m\/w\/d)<\/p>\n\n\n\n<p>+ Serviceberater (m\/w\/d)<\/p>\n\n\n\n<p><br>Nat\u00fcrlich suchen wir auch Nachwuchstalente! Unsere&nbsp;<strong>Ausbildungsangebote<\/strong>&nbsp;finden Sie&nbsp;<strong>unten<\/strong>.<\/p>\n<\/div>\n<\/div>\n<\/div>\n\n\n\n<hr class=\"wp-block-separator has-alpha-channel-opacity\" style=\"margin-top:var(--wp--preset--spacing--30);margin-bottom:var(--wp--preset--spacing--30)\"\/>\n\n\n\n<div data-wp-context=\"{ &quot;autoclose&quot;: false, &quot;accordionItems&quot;: [] }\" data-wp-interactive=\"core\/accordion\" role=\"group\" class=\"wp-block-accordion is-layout-flow wp-block-accordion-is-layout-flow\">\n<div data-wp-class--is-open=\"state.isOpen\" data-wp-context=\"{ &quot;id&quot;: &quot;accordion-item-5&quot;, &quot;openByDefault&quot;: false }\" data-wp-init=\"callbacks.initAccordionItems\" data-wp-on-window--hashchange=\"callbacks.hashChange\" class=\"wp-block-accordion-item is-layout-flow wp-block-accordion-item-is-layout-flow\">\n<h3 id=\"ausbildung\" class=\"wp-block-accordion-heading\"><button aria-expanded=\"false\" aria-controls=\"accordion-item-5-panel\" data-wp-bind--aria-expanded=\"state.isOpen\" data-wp-on--click=\"actions.toggle\" data-wp-on--keydown=\"actions.handleKeyDown\" id=\"accordion-item-5\" type=\"button\" class=\"wp-block-accordion-heading__toggle\"><span class=\"wp-block-accordion-heading__toggle-title\">Ausbildung bei Auto Ritter<\/span><span class=\"wp-block-accordion-heading__toggle-icon\" aria-hidden=\"true\">+<\/span><\/button><\/h3>\n\n\n\n<div inert aria-labelledby=\"accordion-item-5\" data-wp-bind--inert=\"!state.isOpen\" id=\"accordion-item-5-panel\" role=\"region\" class=\"wp-block-accordion-panel is-layout-flow wp-block-accordion-panel-is-layout-flow\">\n<p><strong>Ab September suchen wir neue Auszubildende in folgenden Berufen:<\/strong><\/p>\n\n\n\n<p>+ KFZ-Mechatroniker (m\/w\/d)<\/p>\n\n\n\n<p>+ Automobilkaufmann\/frau (m\/w\/d)<\/p>\n\n\n\n<p>+ Kaufmann\/Kauffrau f\u00fcr B\u00fcromanagement (m\/w\/d)<\/p>\n\n\n\n<p><br><strong>Eure Bewerbungsunterlagen richtet Ihr bitte an:<\/strong><br><br>Auto Ritter&nbsp;&nbsp; &nbsp;&nbsp;&nbsp; &nbsp;&nbsp;&nbsp;&nbsp;&nbsp;&nbsp;&nbsp;&nbsp;&nbsp;&nbsp;&nbsp;&nbsp;&nbsp;&nbsp;&nbsp;&nbsp;&nbsp;&nbsp;&nbsp;&nbsp;&nbsp;&nbsp;&nbsp;&nbsp;&nbsp;&nbsp;&nbsp;&nbsp;&nbsp;&nbsp;&nbsp;&nbsp;&nbsp;&nbsp;&nbsp;&nbsp;&nbsp;&nbsp;&nbsp;&nbsp;&nbsp;&nbsp;&nbsp;&nbsp;&nbsp;&nbsp;&nbsp;&nbsp;&nbsp; &nbsp;<br>Herr Johannes Ritter<br>Hauptstr. 22<br>95519 Vorbach<br>Telefon: 09205 1330<br>E-Mail:&nbsp;<a href=\"mailto:johannes.ritter@auto-ritter.de\">johannes.ritter@auto-ritter.de<\/a><\/p>\n<\/div>\n<\/div>\n<\/div>\n","protected":false},"excerpt":{"rendered":"<p>ZU UNS BIEGEN SIE&nbsp;RICHTIG&nbsp;AB Unsere oberste Priorit\u00e4t ist Ihre Zufriedenheit. Wir wollen Sie begeistern!&nbsp;Nur wenn Sie sich wohlf\u00fchlen und mit unseren Leistungen und Mitarbeitern zufrieden sind, sind wir es auch. Als famili\u00e4res Mehrmarkenautohaus stehen wir Ihnen mit Erfahrung und Kompetenz an unserem Standort in Eschenbach zur Seite.Ob&nbsp;Verkauf,&nbsp;Werkstatt- oder Service&nbsp;&#8211; das Team von Auto Ritter unterst\u00fctzt Sie jederzeit mit Professionalit\u00e4t, Qualit\u00e4t und Leidenschaft f\u00fcr Mobilit\u00e4t. F\u00fcr&nbsp;Gesch\u00e4ftskunden&nbsp;bieten wir ein speziell auf Ihren Fuhrpark angepasstes Produkt- und Dienstleistungsangebot. Das Team von Auto Ritter freut sich auf Ihren Besuch!<\/p>\n","protected":false},"author":1,"featured_media":0,"parent":0,"menu_order":0,"comment_status":"closed","ping_status":"closed","template":"","meta":{"footnotes":""},"class_list":["post-183","page","type-page","status-publish","hentry"],"_links":{"self":[{"href":"https:\/\/jl-wp-test.henry.server4business.de\/index.php?rest_route=\/wp\/v2\/pages\/183","targetHints":{"allow":["GET"]}}],"collection":[{"href":"https:\/\/jl-wp-test.henry.server4business.de\/index.php?rest_route=\/wp\/v2\/pages"}],"about":[{"href":"https:\/\/jl-wp-test.henry.server4business.de\/index.php?rest_route=\/wp\/v2\/types\/page"}],"author":[{"embeddable":true,"href":"https:\/\/jl-wp-test.henry.server4business.de\/index.php?rest_route=\/wp\/v2\/users\/1"}],"replies":[{"embeddable":true,"href":"https:\/\/jl-wp-test.henry.server4business.de\/index.php?rest_route=%2Fwp%2Fv2%2Fcomments&post=183"}],"version-history":[{"count":63,"href":"https:\/\/jl-wp-test.henry.server4business.de\/index.php?rest_route=\/wp\/v2\/pages\/183\/revisions"}],"predecessor-version":[{"id":742,"href":"https:\/\/jl-wp-test.henry.server4business.de\/index.php?rest_route=\/wp\/v2\/pages\/183\/revisions\/742"}],"wp:attachment":[{"href":"https:\/\/jl-wp-test.henry.server4business.de\/index.php?rest_route=%2Fwp%2Fv2%2Fmedia&parent=183"}],"curies":[{"name":"wp","href":"https:\/\/api.w.org\/{rel}","templated":true}]}}