{"id":170,"date":"2026-03-12T15:37:33","date_gmt":"2026-03-12T15:37:33","guid":{"rendered":"https:\/\/jl-wp-test.henry.server4business.de\/?page_id=170"},"modified":"2026-04-02T11:12:24","modified_gmt":"2026-04-02T11:12:24","slug":"170-2","status":"publish","type":"page","link":"https:\/\/jl-wp-test.henry.server4business.de\/?page_id=170","title":{"rendered":"Fahrzeugsuche"},"content":{"rendered":"\t\t<div class=\"wp-block-web-stories-embed web-stories-embed alignfull\">\n\t\t\t<div class=\"wp-block-embed__wrapper\" style=\"--aspect-ratio: 0.602671; --width: 361px; --height: 599px\">\n\t\t\t\t<amp-story-player>\n\t\t\t\t\t<a href=\"https:\/\/jl-wp-test.henry.server4business.de\/?web-story=story-fahrzeugsuche\">\n\t\t\t\t\t\t\t\t\t\t\t\t\t<img\n\t\t\t\t\t\t\t\tsrc=\"https:\/\/jl-wp-test.henry.server4business.de\/wp-content\/uploads\/2026\/03\/cropped-Slide-3-1.jpg\"\n\t\t\t\t\t\t\t\twidth=\"361\"\n\t\t\t\t\t\t\t\theight=\"599\"\n\t\t\t\t\t\t\t\talt=\"Story Fahrzeugsuche\"\n\t\t\t\t\t\t\t\t\t\t\t\t\t\t\t\t\t\t\t\t\t\t\t\tloading=\"lazy\"\n\t\t\t\t\t\t\t\tdecoding=\"async\"\n\t\t\t\t\t\t\t\tdata-amp-story-player-poster-img\n\t\t\t\t\t\t\t\/>\n\t\t\t\t\t\t\t\t\t\t\t\t<\/a>\n\t\t\t\t<\/amp-story-player>\n\t\t\t<\/div>\n\t\t<\/div>\n\t\t\n\n\n<div class=\"wp-block-group snap-point has-global-padding is-layout-constrained wp-block-group-is-layout-constrained\">\n<div style=\"height:5px\" aria-hidden=\"true\" class=\"wp-block-spacer\"><\/div>\n\n\n\n<h2 class=\"wp-block-heading\">DIE&nbsp;<strong>FAHRZEUGSUCHE<\/strong>&nbsp;VON AUTO RITTER:&nbsp;<strong>EINFACH BESSERE ANGEBOTE<\/strong><\/h2>\n\n\n\n<p>St\u00f6bern Sie in unseren Angeboten. Mit Sicherheit ist auch f\u00fcr Sie etwas dabei! Unser Verkaufsteam steht Ihnen bei Fragen jederzeit sehr gerne zur Verf\u00fcgung! Entweder telefonisch, per<a href=\"https:\/\/jl-wp-test.henry.server4business.de\/?page_id=170\" data-type=\"page\" data-id=\"170\">&nbsp;<strong>E-Mai<\/strong><\/a><strong><a href=\"mailto:verkauf@auto-ritter.de\">l<\/a><\/strong>&nbsp;oder Sie nutzen einfach und bequem unser&nbsp;<a href=\"https:\/\/www.auto-ritter.de\/kontakt\/kontaktformular\/\"><strong>Kontakformular<\/strong><\/a>.<\/p>\n\n\n\n<iframe id=\"lumenESi\" src=\"https:\/\/lumen.da-dg.com\/es\/lumenES.html\" scrolling=\"no\" style=\"width:1px;min-width:100%;min-height:500px;border:none!important;\"><\/iframe>\n<script id=\"lumenES\" src=\"https:\/\/lumen.da-dg.com\/es\/lumenES.js\"><\/script>\n<\/div>\n","protected":false},"excerpt":{"rendered":"<p>DIE&nbsp;FAHRZEUGSUCHE&nbsp;VON AUTO RITTER:&nbsp;EINFACH BESSERE ANGEBOTE St\u00f6bern Sie in unseren Angeboten. Mit Sicherheit ist auch f\u00fcr Sie etwas dabei! Unser Verkaufsteam steht Ihnen bei Fragen jederzeit sehr gerne zur Verf\u00fcgung! Entweder telefonisch, per&nbsp;E-Mail&nbsp;oder Sie nutzen einfach und bequem unser&nbsp;Kontakformular.<\/p>\n","protected":false},"author":1,"featured_media":0,"parent":0,"menu_order":0,"comment_status":"closed","ping_status":"closed","template":"","meta":{"footnotes":""},"class_list":["post-170","page","type-page","status-publish","hentry"],"_links":{"self":[{"href":"https:\/\/jl-wp-test.henry.server4business.de\/index.php?rest_route=\/wp\/v2\/pages\/170","targetHints":{"allow":["GET"]}}],"collection":[{"href":"https:\/\/jl-wp-test.henry.server4business.de\/index.php?rest_route=\/wp\/v2\/pages"}],"about":[{"href":"https:\/\/jl-wp-test.henry.server4business.de\/index.php?rest_route=\/wp\/v2\/types\/page"}],"author":[{"embeddable":true,"href":"https:\/\/jl-wp-test.henry.server4business.de\/index.php?rest_route=\/wp\/v2\/users\/1"}],"replies":[{"embeddable":true,"href":"https:\/\/jl-wp-test.henry.server4business.de\/index.php?rest_route=%2Fwp%2Fv2%2Fcomments&post=170"}],"version-history":[{"count":23,"href":"https:\/\/jl-wp-test.henry.server4business.de\/index.php?rest_route=\/wp\/v2\/pages\/170\/revisions"}],"predecessor-version":[{"id":714,"href":"https:\/\/jl-wp-test.henry.server4business.de\/index.php?rest_route=\/wp\/v2\/pages\/170\/revisions\/714"}],"wp:attachment":[{"href":"https:\/\/jl-wp-test.henry.server4business.de\/index.php?rest_route=%2Fwp%2Fv2%2Fmedia&parent=170"}],"curies":[{"name":"wp","href":"https:\/\/api.w.org\/{rel}","templated":true}]}}